{"id":4284,"date":"2018-11-12T11:50:12","date_gmt":"2018-11-12T11:50:12","guid":{"rendered":"https:\/\/demo.themeisle.com\/hestia-default\/hestia-front\/"},"modified":"2025-09-11T20:22:06","modified_gmt":"2025-09-11T18:22:06","slug":"065c0-hestia-front","status":"publish","type":"page","link":"https:\/\/stenbutikken.dk\/","title":{"rendered":"Front Page"},"content":{"rendered":"\n<h1>\n\t\t\tStenbutikken.dk\u00a0\t<\/h1>\n\tHer finder du information om mineraler, fossiler og geologi.<br \/>\nHints til lokaliteter og museumer.\n<h2>\n\t\t\tStenbutikken har f\u00f8lgende at byde p\u00e5\t<\/h2>\n\t<p>Her finder du inspiration og viden<\/p>\n\t\t\t\t<img decoding=\"async\" src=\"http:\/\/stenbutikken.dk\/wp-content\/uploads\/2025\/09\/staurolith.jpg\" alt=\"staurolith\" itemprop=\"image\" height=\"1230\" width=\"1618\" title=\"staurolith\" onerror=\"this.style.display='none'\" loading=\"lazy\" \/>\n\t<p><a href=\"http:\/\/stenbutikken.dk\/index.php\/mineraler-og-bjergarter\/\">Mineraler og bjergarter<\/a><\/p>\n<p><a href=\"http:\/\/stenbutikken.dk\/index.php\/mineraler-og-bjergarter\/\">L\u00e6s mere<\/a><\/p>\n\t\t\t\t<img decoding=\"async\" src=\"http:\/\/stenbutikken.dk\/wp-content\/uploads\/2025\/09\/A005418-scaled.jpg\" alt=\"PHOTOGRAPHER:Mads_Trans ____________\" itemprop=\"image\" height=\"1703\" width=\"2560\" title=\"PHOTOGRAPHER:Mads_Trans ____________\" onerror=\"this.style.display='none'\" loading=\"lazy\" \/>\n\t<p><a href=\"http:\/\/stenbutikken.dk\/index.php\/lokaliteter\/\">Hvor kan du selv finde sten, guid til lokaliteter<\/a><\/p>\n<p><a href=\"http:\/\/stenbutikken.dk\/index.php\/lokaliteter\/\">L\u00e6s mere<\/a><\/p>\n\t\t\t\t<img decoding=\"async\" src=\"http:\/\/stenbutikken.dk\/wp-content\/uploads\/2025\/09\/DSCN7412.jpg\" alt=\"DSCN7412\" itemprop=\"image\" height=\"1704\" width=\"2272\" title=\"DSCN7412\" onerror=\"this.style.display='none'\" loading=\"lazy\" \/>\n\t<p><a href=\"http:\/\/stenbutikken.dk\/index.php\/fossiler-og-forsteninger\/\">Fossiler, forsteninger<\/a><\/p>\n<p><a href=\"http:\/\/stenbutikken.dk\/index.php\/fossiler-og-forsteninger\/\">L\u00e6s mere<\/a><\/p>\n\t\t\t\t<img decoding=\"async\" src=\"http:\/\/stenbutikken.dk\/wp-content\/uploads\/2025\/09\/DSC0038-2-scaled.jpg\" alt=\"_DSC0038 (2)\" itemprop=\"image\" height=\"2560\" width=\"1696\" title=\"_DSC0038 (2)\" onerror=\"this.style.display='none'\" loading=\"lazy\" \/>\n\t<p><a href=\"http:\/\/stenbutikken.dk\/index.php\/museer-stenklubber-og-hjemmesider\/\">Muserumer, stenklubber og hjemmesider med viden<\/a><\/p>\n<p><a href=\"http:\/\/stenbutikken.dk\/index.php\/museer-stenklubber-og-hjemmesider\/\">L\u00e6s mere<\/a><\/p>\n\t\t\t\t<img decoding=\"async\" src=\"http:\/\/stenbutikken.dk\/wp-content\/uploads\/2025\/09\/k00005.jpg\" alt=\"k00005\" itemprop=\"image\" height=\"400\" width=\"600\" title=\"k00005\" onerror=\"this.style.display='none'\" loading=\"lazy\" \/>\n\t<p><a href=\"http:\/\/stenbutikken.dk\/index.php\/geologi-og-hvor-kommer-sten-fra\/\">Geologi, hvor kommer sten fra.<\/a><\/p>\n<p><a href=\"http:\/\/stenbutikken.dk\/index.php\/geologi-og-hvor-kommer-sten-fra\/\">L\u00e6s mere<\/a><\/p>\n\t\t\t\t<img decoding=\"async\" src=\"http:\/\/stenbutikken.dk\/wp-content\/uploads\/2025\/09\/kurv-jpg.jpeg\" alt=\"kurv-jpg\" itemprop=\"image\" height=\"684\" width=\"609\" title=\"kurv-jpg\" onerror=\"this.style.display='none'\" loading=\"lazy\" \/>\n\t<p><a href=\"http:\/\/stenbutikken.dk\/index.php\/shop\/\">K\u00f8b sten fra Stenbutikken<\/a><\/p>\n<p><a href=\"http:\/\/stenbutikken.dk\/index.php\/shop\/\">Se mere<\/a><\/p>\n<h2>\n\t\t\tKontakt stenbutikken for yderlig info\t<\/h2>\n\t<p>Har du brug for at kontakte stenbutikken, enten for f\u00e5 uddybende viden, eller har du noget du gerne vil fort\u00e6lle, vidrebringe er du altid velkommen til at kontakte mig pr. mail p\u00e5 mads@stenbutikken.dk<\/p>\n\n","protected":false},"excerpt":{"rendered":"<p>Stenbutikken.dk\u00a0 Her finder du information om mineraler, fossiler og geologi. Hints til lokaliteter og museumer. Stenbutikken har f\u00f8lgende at byde p\u00e5 Her finder du inspiration og viden Mineraler og bjergarter L\u00e6s mere Hvor kan du selv finde sten, guid til lokaliteter L\u00e6s mere Fossiler, forsteninger L\u00e6s mere Muserumer, stenklubber og [&hellip;]<\/p>\n","protected":false},"author":1,"featured_media":0,"parent":0,"menu_order":0,"comment_status":"closed","ping_status":"closed","template":"page-templates\/template-pagebuilder-full-width.php","meta":{"_themeisle_gutenberg_block_has_review":false,"footnotes":""},"class_list":["post-4284","page","type-page","status-publish","hentry"],"_links":{"self":[{"href":"https:\/\/stenbutikken.dk\/index.php\/wp-json\/wp\/v2\/pages\/4284","targetHints":{"allow":["GET"]}}],"collection":[{"href":"https:\/\/stenbutikken.dk\/index.php\/wp-json\/wp\/v2\/pages"}],"about":[{"href":"https:\/\/stenbutikken.dk\/index.php\/wp-json\/wp\/v2\/types\/page"}],"author":[{"embeddable":true,"href":"https:\/\/stenbutikken.dk\/index.php\/wp-json\/wp\/v2\/users\/1"}],"replies":[{"embeddable":true,"href":"https:\/\/stenbutikken.dk\/index.php\/wp-json\/wp\/v2\/comments?post=4284"}],"version-history":[{"count":11,"href":"https:\/\/stenbutikken.dk\/index.php\/wp-json\/wp\/v2\/pages\/4284\/revisions"}],"predecessor-version":[{"id":4572,"href":"https:\/\/stenbutikken.dk\/index.php\/wp-json\/wp\/v2\/pages\/4284\/revisions\/4572"}],"wp:attachment":[{"href":"https:\/\/stenbutikken.dk\/index.php\/wp-json\/wp\/v2\/media?parent=4284"}],"curies":[{"name":"wp","href":"https:\/\/api.w.org\/{rel}","templated":true}]}}