{"id":4313,"date":"2025-09-04T20:42:59","date_gmt":"2025-09-04T18:42:59","guid":{"rendered":"http:\/\/stenbutikken.dk\/?page_id=4313"},"modified":"2025-12-01T00:01:15","modified_gmt":"2025-11-30T23:01:15","slug":"mineraler-og-bjergarter","status":"publish","type":"page","link":"https:\/\/stenbutikken.dk\/index.php\/mineraler-og-bjergarter\/","title":{"rendered":"Mineraler og bjergarter"},"content":{"rendered":"\n<h2>\n\t\t\tHvad er mineraler og bjergarter?\t<\/h2>\n\tMineraler er et naturlig forekommende homogen, fast med en fast struktureret krystalstruktur og bestem kemisk sammens\u00e6tning.<br \/>\nNetop den kemiske sammens\u00e6tning afg\u00f8r hvilken mineral der er tale om. Eksempelvis er bjergkrystal en simpel og almindelig mineral, den findes i mange typer af bjergarter, og findes i en r\u00e6kke varianter, men som udgangspunkt best\u00e5r bjergkrystal af SiO<sub>2<\/sub> ogs\u00e5 kaldet Siliciumdioxid\n\t\t\t\t<img decoding=\"async\" src=\"http:\/\/stenbutikken.dk\/wp-content\/uploads\/2025\/09\/Bjergkrystal003.jpg\" alt=\"Kvarts\nMineral\nSten\" itemprop=\"image\" title=\"KvartsMineralSten\" onerror=\"this.style.display='none'\" loading=\"lazy\" \/>\n\tBjergarter er en fast masse med en blanding af flere forskellige mineralkorn, som enten er dannet ved at mineralkorn er vokset sammen under nedk\u00f8ling, eller mineral korn som er sammenpresset.<br \/>\nBjergarter inddeles i 3 hovedgrupper.\n<p><strong>Magmatisk<\/strong> bjergarter som er dannet ved st\u00f8rkning af magma, en almindlig forekommen eksempel er granit.<\/p>\n<p><strong>Sedemint\u00e6re<\/strong> bjergarter som er dannet ved aflejring og sidenhen sammenpresset, det er typisk nedbrudte bjergarter, men kan ogs\u00e5 v\u00e6re plante eller dyreliv. Sandsten og marmor er klassiske sediment\u00e6re bjergarter.<\/p>\n<p><strong>Metemorfe<\/strong> bjergarter er allerede eksisterende bjergarter som har v\u00e6ret en tur ned i jordskorpen og derved udsat for h\u00f8j tryk og temperature og derved blevet omdannet til nye bjergarter, som eks. gnejs.<\/p>\n\t\t\t\t<img decoding=\"async\" src=\"http:\/\/stenbutikken.dk\/wp-content\/uploads\/2025\/09\/RIM00112.jpg\" alt=\"RIM00112\" itemprop=\"image\" title=\"RIM00112\" onerror=\"this.style.display='none'\" loading=\"lazy\" \/>\n\tDer er masser af bjergarter i danmark, langt hovedparten er transporteret af isen fra Norge, Sverige og Findland og findes p\u00e5 strande og grusgrave.<br \/>\nGranit udg\u00f8r hovedparten, men Rompeporfyr som ofte findes i Jylland, og p\u00e5 Sj\u00e6lland og \u00f8erne er det Rapakivier som kommer fra \u00d8sters\u00f8 omr\u00e5det og Findland.<br \/>\nGenerel s\u00e5 er bjergarter altid l\u00f8sfund, det betyder at man aldrig kan v\u00e6re sikker p\u00e5 stenen oprindelige lokalitet (undtagen Bornholm). Derfor hvis man \u00f8nsker at samle bestemte mineraler eller bjergarter er eneste mulighed at ops\u00f8ge lokaliteter.<br \/>\n<a href=\"http:\/\/www.mindat.org\">Mindat.org<\/a> har en rigtig god s\u00f8gefunktion, s\u00e5 n\u00e5r du rejser kan du finde gode lokaliteter og se hvad du kan forventet at finde de enkle steder.<br \/>\n<a href=\"https:\/\/www.mindat.org\/\" target=\"_blank\" rel=\"noopener\">Minddat.org<\/a> er nok det opslagsv\u00e6rk som har flest lokaliteter, samt med fotos fra Lokaliteter, du kan med denne funktion ogs\u00e5 se om de sten du har k\u00f8bt eller f\u00e5et, om de virkelig komme fra oplyste lokalitet, eller du f\u00e5r en mineral men du \u00f8nsker at finde den oprindelige lokalitet. En del mineraler har s\u00e6rlige kendetegn som er unik for deres oprindelse milj\u00f8.<br \/>\nDu kan ogs\u00e5 selv bidrage med info om lokaliteter og fundne mineraler, alle opslag gennemg\u00e5r kritisk gennemgang for at sikre at alle data er valide og af h\u00f8j kvalitet.\n\n\n","protected":false},"excerpt":{"rendered":"<p>Hvad er mineraler og bjergarter? Mineraler er et naturlig forekommende homogen, fast med en fast struktureret krystalstruktur og bestem kemisk sammens\u00e6tning. Netop den kemiske sammens\u00e6tning afg\u00f8r hvilken mineral der er tale om. Eksempelvis er bjergkrystal en simpel og almindelig mineral, den findes i mange typer af bjergarter, og findes i [&hellip;]<\/p>\n","protected":false},"author":1,"featured_media":0,"parent":0,"menu_order":0,"comment_status":"closed","ping_status":"closed","template":"","meta":{"_themeisle_gutenberg_block_has_review":false,"footnotes":""},"class_list":["post-4313","page","type-page","status-publish","hentry"],"_links":{"self":[{"href":"https:\/\/stenbutikken.dk\/index.php\/wp-json\/wp\/v2\/pages\/4313","targetHints":{"allow":["GET"]}}],"collection":[{"href":"https:\/\/stenbutikken.dk\/index.php\/wp-json\/wp\/v2\/pages"}],"about":[{"href":"https:\/\/stenbutikken.dk\/index.php\/wp-json\/wp\/v2\/types\/page"}],"author":[{"embeddable":true,"href":"https:\/\/stenbutikken.dk\/index.php\/wp-json\/wp\/v2\/users\/1"}],"replies":[{"embeddable":true,"href":"https:\/\/stenbutikken.dk\/index.php\/wp-json\/wp\/v2\/comments?post=4313"}],"version-history":[{"count":11,"href":"https:\/\/stenbutikken.dk\/index.php\/wp-json\/wp\/v2\/pages\/4313\/revisions"}],"predecessor-version":[{"id":5590,"href":"https:\/\/stenbutikken.dk\/index.php\/wp-json\/wp\/v2\/pages\/4313\/revisions\/5590"}],"wp:attachment":[{"href":"https:\/\/stenbutikken.dk\/index.php\/wp-json\/wp\/v2\/media?parent=4313"}],"curies":[{"name":"wp","href":"https:\/\/api.w.org\/{rel}","templated":true}]}}