{"id":4324,"date":"2025-09-04T21:17:39","date_gmt":"2025-09-04T19:17:39","guid":{"rendered":"http:\/\/stenbutikken.dk\/?page_id=4324"},"modified":"2025-11-16T18:50:54","modified_gmt":"2025-11-16T17:50:54","slug":"geologi-og-hvor-kommer-sten-fra","status":"publish","type":"page","link":"https:\/\/stenbutikken.dk\/index.php\/geologi-og-hvor-kommer-sten-fra\/","title":{"rendered":"Geologi og hvor kommer sten fra"},"content":{"rendered":"\n<h4>\n\t\t\tHvad danner sten? tid, varme, tryk, vand der er mange faktore i spil.\t<\/h4>\n\t\t\t\t<img decoding=\"async\" src=\"http:\/\/stenbutikken.dk\/wp-content\/uploads\/2025\/09\/skelby-scaled.jpg\" alt=\"skelby\" itemprop=\"image\" title=\"skelby\" onerror=\"this.style.display='none'\" loading=\"lazy\" \/>\n\tAlle danske strande flyder med sten, og ude p\u00e5 marker eller i haven er der sten i jorden, store som sm\u00e5. Den st\u00f8rste l\u00f8st liggende sten i Danmark er Dammestenen p\u00e5 1200 tons og 13,8 meter p\u00e5 det l\u00e6ngste led.<br \/>\nDer findes flere hjemmesider om de allerst\u00f8rste sten <a href=\"https:\/\/www.geus.dk\/udforsk-geologien\/ture-i-naturen\/kaempesten\/top-10-kaempesten\" target=\"_blank\" rel=\"noopener\">Link<\/a><br \/>\nMen de sten som der findes p\u00e5 stranden normalt er noget mindre.<br \/>\nAlt efter hvor du er i Danmark vil indholdet af enkle stentyper variere, nogle strande er n\u00e6sten ren flint, hvor andre strande vil have et meget varieret indhold af sten.\u00a0<br \/>\nMen hvor komme alle disse sten dog fra, umildbart vil man tro at sten kommer fra bjerge, men det er langtfra altid s\u00e5dan. Jorden har en r\u00e6kke plader som gennem millioner af \u00e5r bev\u00e6ger sig indbyrdes, nogle st\u00f8der sammen andre vandre fra hinanden, denne konstante bev\u00e6gelse er med til at danne sten, uden tektoniske bev\u00e6gelser og vandet p\u00e5virkning ville jorden v\u00e6re ganske kedelig geologisk set. Sten kan dannes p\u00e5 mange forskellige m\u00e5der og have meget forskellige alder.<br \/>\nDe \u00e6ldste sten er meteoritter, de blev dannet for 4,5 milliarder \u00e5r, og er ikke forandret siden, hvor de \u00e6ldste sten dannet p\u00e5 jorden er 4,2 milliarder og fundet i Nuvvuagittuq-b\u00e6ltet i Quebec i Canada.<br \/>\nDe sten som normalt findes i Danmark er typisk mellem 50 millioner til 2 milliarder \u00e5r gamle, hvor rav h\u00f8re til unge sten, og granit h\u00f8re til de \u00e6ldste.<br \/>\nFlint er en almindelig sten p\u00e5 Danske strande og er dannet for 50-65 millioner \u00e5r siden og har ikke flyttet sig s\u00e6rlig meget p\u00e5 overfladen, hvor i mode granitten som findes p\u00e5 stranden kan have v\u00e6ret blevet flytte mange hundred af kilometer fra Norske og Svenske bjerge af glecher under istiden.<br \/>\nFlint fra Danmark er dannet i ikke s\u00e6rlig stor dybde, hvor varme og tryk ikke har v\u00e6ret afg\u00f8rende for dannelsen, men sket via en ren kemisk proces hvor kisel (siliciumdioxid) er udf\u00e6ldet fra kridt eller kalk og har samlet sig omkring nogle kim, og flinten derved har dannet knolde typisk i nogle horisonter.<br \/>\nBjergarter her en mere kompleks oprindelse, og hvor der typisk har v\u00e6re b\u00e5de tryk og varme som har dannet den enkle bjergarter, granit dannes typisk i stor dybde, hvor var magma stiger mod overfalden og derved afk\u00f8les over millioner af \u00e5r, s\u00e5 der dannes store korn af mineraler, for granit er det kvarts, feldspat og glimmer som udg\u00f8r granits udseende.\u00a0\n<p>Jordens overflade er ikke statisk, men et dynamisk puslespil af enorme kontinentalplader, der konstant er i bev\u00e6gelse. Denne proces, kendt som kontinentaldrift eller pladetektonik, former vores planet, skaber bjerge, for\u00e5rsager jordsk\u00e6lv og vulkanudbrud og har over millioner af \u00e5r f\u00f8rt til den fordeling af kontinenter og oceaner, vi kender i dag.<\/p>\n<p>Drivkraften bag kontinentalpladernes bev\u00e6gelse findes i Jordens indre. Den yderste, stive skal af Jorden, lithosf\u00e6ren, er brudt op i en r\u00e6kke store og sm\u00e5 tektoniske plader. Disse plader &#8220;flyder&#8221; oven p\u00e5 den delvist smeltede og plastiske asthenosf\u00e6re.<\/p>\n<p>Varme fra Jordens kerne skaber konvektionsstr\u00f8mme i kappen, hvor varmt materiale stiger op, afk\u00f8les og synker ned igen i en evig cyklus. Disse langsomme, men kraftfulde str\u00f8mme tr\u00e6kker de overliggende lithosf\u00e6replader med sig, hvilket resulterer i en bev\u00e6gelse p\u00e5 f\u00e5 centimeter om \u00e5ret &#8211; omtrent samme hastighed som en negl vokser.<\/p>\n\t\t\t\t<img decoding=\"async\" src=\"http:\/\/stenbutikken.dk\/wp-content\/uploads\/2025\/10\/jordrift-3-3.gif\" alt=\"jordrift-3-3\" itemprop=\"image\" title=\"jordrift-3-3\" onerror=\"this.style.display='none'\" loading=\"lazy\" \/>\n\t<p>Konvergerende (destruktive) pladegr\u00e6nser: Her st\u00f8der pladerne sammen. Resultatet afh\u00e6nger af pladernes type. N\u00e5r en tungere oceanbundsplade kolliderer med en lettere kontinentalplade, tvinges oceanbundspladen ned under kontinentalpladen i en proces kaldet subduktion. Dette skaber dybhavsgrave, vulkansk aktivitet og bjergk\u00e6der som Andesbjergene. N\u00e5r to kontinentalplader kolliderer, presses de sammen og folder op, hvilket har skabt m\u00e6gtige bjergk\u00e6der som Himalaya.<\/p>\n\t\t\t\t<img decoding=\"async\" src=\"http:\/\/stenbutikken.dk\/wp-content\/uploads\/2025\/10\/jordrift-4-1.gif\" alt=\"jordrift-4-1\" itemprop=\"image\" title=\"jordrift-4-1\" onerror=\"this.style.display='none'\" loading=\"lazy\" \/>\n\t<p>Divergerende (konstruktive) pladegr\u00e6nser: Her bev\u00e6ger pladerne sig v\u00e6k fra hinanden. Magma fra kappen stiger op og danner ny skorpe, hvilket typisk sker ved de midtoceaniske rygge som den Midtatlantiske Ryg. Island er et eksempel p\u00e5 en vulkansk \u00f8 dannet p\u00e5 en s\u00e5dan spredningszone.<\/p>\n\t\t\t\t<img decoding=\"async\" src=\"http:\/\/stenbutikken.dk\/wp-content\/uploads\/2025\/10\/jordrift-4-2.gif\" alt=\"jordrift-4-2\" itemprop=\"image\" title=\"jordrift-4-2\" onerror=\"this.style.display='none'\" loading=\"lazy\" \/>\n\t<p>Transforme (bevarende) pladegr\u00e6nser: Her glider pladerne forbi hinanden horisontalt. Sp\u00e6ndinger opbygges langs forkastningerne og udl\u00f8ses i form af jordsk\u00e6lv. San Andreas-forkastningen i Californien er et velkendt eksempel.<\/p>\n\t\t\t\t<img decoding=\"async\" src=\"https:\/\/stenbutikken.dk\/wp-content\/plugins\/beaver-builder-lite-version\/img\/pixel.png\" alt=\"\" itemprop=\"image\" onerror=\"this.style.display='none'\" loading=\"lazy\" \/>\n\t<p>Drivkraften bag kontinentalpladernes bev\u00e6gelse findes i Jordens indre. Den yderste, stive skal af Jorden, lithosf\u00e6ren, er brudt op i en r\u00e6kke store og sm\u00e5 tektoniske plader. Disse plader &#8220;flyder&#8221; oven p\u00e5 den delvist smeltede og plastiske asthenosf\u00e6re.<\/p>\n<p>Varme fra Jordens kerne skaber konvektionsstr\u00f8mme i kappen, hvor varmt materiale stiger op, afk\u00f8les og synker ned igen i en evig cyklus. Disse langsomme, men kraftfulde str\u00f8mme tr\u00e6kker de overliggende lithosf\u00e6replader med sig, hvilket resulterer i en bev\u00e6gelse p\u00e5 f\u00e5 centimeter om \u00e5ret &#8211; omtrent samme hastighed som en negl vokser.<\/p>\nPladegr\u00e6nser: Hvor Jorden sk\u00e6lver og skaber<br \/>\nDet er ved pladegr\u00e6nserne, hvor de tektoniske plader interagerer, at de mest dramatiske geologiske processer finder sted. Der findes tre hovedtyper af pladegr\u00e6nser:\n<p>Divergerende (konstruktive) pladegr\u00e6nser: Her bev\u00e6ger pladerne sig v\u00e6k fra hinanden. Magma fra kappen stiger op og danner ny skorpe, hvilket typisk sker ved de midtoceaniske rygge som den Midtatlantiske Ryg. Island er et eksempel p\u00e5 en vulkansk \u00f8 dannet p\u00e5 en s\u00e5dan spredningszone.<\/p>\n<p>Konvergerende (destruktive) pladegr\u00e6nser: Her st\u00f8der pladerne sammen. Resultatet afh\u00e6nger af pladernes type. N\u00e5r en tungere oceanbundsplade kolliderer med en lettere kontinentalplade, tvinges oceanbundspladen ned under kontinentalpladen i en proces kaldet subduktion. Dette skaber dybhavsgrave, vulkansk aktivitet og bjergk\u00e6der som Andesbjergene. N\u00e5r to kontinentalplader kolliderer, presses de sammen og folder op, hvilket har skabt m\u00e6gtige bjergk\u00e6der som Himalaya.<\/p>\n<p>Transforme (bevarende) pladegr\u00e6nser: Her glider pladerne forbi hinanden horisontalt. Sp\u00e6ndinger opbygges langs forkastningerne og udl\u00f8ses i form af jordsk\u00e6lv. San Andreas-forkastningen i Californien er et velkendt eksempel.<\/p>\n<p>I dag er teorien om pladetektonik bredt accepteret og underst\u00f8ttes af en overv\u00e6ldende m\u00e6ngde beviser. Moderne teknologi som GPS (Global Positioning System) g\u00f8r det muligt direkte at m\u00e5le pladernes bev\u00e6gelse med stor pr\u00e6cision. Seismiske data fra jordsk\u00e6lv giver et detaljeret billede af pladegr\u00e6nserne og processerne i Jordens indre. Desuden bekr\u00e6fter analyser af havbundens alder, at den er yngst ved de midtoceaniske rygge og bliver gradvist \u00e6ldre l\u00e6ngere v\u00e6k, hvilket er et direkte bevis for havbundsspredning.<\/p>\n<p>Studiet af kontinentaldrift er en fortsat rejse ind i forst\u00e5elsen af vores planets dynamiske natur. Det er en historie om enorme kr\u00e6fter og geologiske tidsaldre, der ikke blot har formet landskaberne omkring os, men ogs\u00e5 har haft en afg\u00f8rende indflydelse p\u00e5 livets udvikling p\u00e5 Jorden.<\/p>\n<p>&nbsp;<\/p>\n<p>&nbsp;<\/p>\nJordens Dynamiske Hjerte: En Dybdeg\u00e5ende Rejse i Kontinentalpladedrift<br \/>\nVores planet, Jorden, kan synes solid og uforanderlig under vores f\u00f8dder, men i geologisk tid er den en utroligt dynamisk og levende verden. Overfladen er et gigantisk, fragmenteret puslespil af enorme plader, der konstant glider, kolliderer og river sig fra hinanden. Denne proces, kendt som pladetektonik eller kontinentaldrift, er den fundamentale motor bag jordsk\u00e6lv, vulkaner, bjergk\u00e6dedannelse og selve formen p\u00e5 de kontinenter og oceaner, vi kender i dag. Det er historien om, hvordan Jordens indre varme skaber og omformer vores verden.\n\t\t\t\t<img decoding=\"async\" src=\"http:\/\/stenbutikken.dk\/wp-content\/uploads\/2025\/11\/jord-dynamik.gif\" alt=\"jord-dynamik\" itemprop=\"image\" title=\"jord-dynamik\" onerror=\"this.style.display='none'\" loading=\"lazy\" \/>\n\tJordens Opbygning: En Geologisk L\u00f8gring\u00a0<br \/>\nFor at forst\u00e5 de kr\u00e6fter, der flytter kontinenter, m\u00e5 vi f\u00f8rst rejse til Jordens centrum. Vores planet er ikke en homogen kugle, men er opbygget af flere adskilte lag, meget ligesom ringene i et l\u00f8g.\n<p>Den Indre Kerne: I selve centrum finder vi en solid kugle, prim\u00e6rt best\u00e5ende af jern og nikkel. P\u00e5 trods af en temperatur p\u00e5 over 5.000\u00b0C &#8211; varmere end Solens overflade &#8211; forhindrer det ekstreme tryk metallet i at smelte.<\/p>\n<p>Den Ydre Kerne: Uden om den indre kerne ligger den ydre kerne. Her er trykket lidt lavere, hvilket tillader jern og nikkel at eksistere i en flydende, hvirvlende tilstand. Det er de massive konvektionsstr\u00f8mme af flydende metal i dette lag, der genererer Jordens magnetfelt, som beskytter os mod skadelig solstr\u00e5ling.<\/p>\n<p>Kappen: Dette er Jordens tykkeste lag, som udg\u00f8r omkring 84% af planetens volumen. Den best\u00e5r hovedsageligt af faste, silikatholdige bjergarter. Selvom kappen er fast, opf\u00f8rer den sig over geologisk tid som en ekstremt tyktflydende v\u00e6ske (som meget sej karamel). Den \u00f8verste del af kappen, kendt som astenosf\u00e6ren, er s\u00e6rligt plastisk og delvist opsmeltet. Det er p\u00e5 dette &#8220;bl\u00f8de&#8221; lag, at de stive tektoniske plader glider rundt.<\/p>\n<p>Skorpen: Det yderste og tyndeste lag er skorpen, som vi lever p\u00e5. Den udg\u00f8r den \u00f8verste del af de tektoniske plader (lithosf\u00e6ren). Der findes to typer: den tykkere, lettere kontinentalskorpe (best\u00e5ende prim\u00e6rt af granit) og den tyndere, tungere oceanbundsskorpe (best\u00e5ende af basalt).<\/p>\nDrivkr\u00e6fterne: Jordens Indre Varmemaskine\u00a0<br \/>\nDen centrale \u00e5rsag til kontinentalpladernes bev\u00e6gelse er den enorme m\u00e6ngde varme, der str\u00f8mmer fra Jordens kerne ud mod overfladen. Denne varme stammer fra to prim\u00e6re kilder: restvarme fra planetens dannelse for 4,6 milliarder \u00e5r siden og, altafg\u00f8rende, radioaktivt henfald.\nKernekraften der driver det hele<br \/>\nIndlejret i kappen og kernen findes ustabile isotoper af grundstoffer som uran, thorium og kalium. N\u00e5r disse atomer henfalder til mere stabile grundstoffer, frigives energi i form af varme. Denne proces er en form for naturlig kernekraft, der fungerer som en gigantisk, langsomt br\u00e6ndende atomreaktor i Jordens indre. Det er denne vedvarende varmeproduktion, der holder Jordens indre varmt og dynamisk.\n<p>Denne varme driver en proces kaldet kappekonvektion.<\/p>\n<p>Materiale i den nedre del af kappen opvarmes af kernen.<\/p>\n<p>N\u00e5r det opvarmes, udvider det sig, bliver lettere (lavere densitet) og stiger langsomt op mod skorpen.<\/p>\n<p>N\u00e5r det n\u00e5r toppen, afk\u00f8les det, bliver tungere (h\u00f8jere densitet) og synker ned igen mod kernen.<\/p>\n<p>Denne cykliske bev\u00e6gelse &#8211; som kan sammenlignes med vand, der koger i en gryde &#8211; skaber massive str\u00f8mninger i kappen, der tr\u00e6kker og skubber de overliggende, stive lithosf\u00e6replader.<\/p>\nMagnetiske p\u00e5virkninger? En afklaring<br \/>\nSelvom Jordens magnetfelt genereres af str\u00f8mninger i den flydende ydre kerne, er det ikke magnetisme, der direkte skubber kontinenterne. Den kraft er alt for svag. Den flydende del, der er relevant for pladedriften, er den plastiske astenosf\u00e6re i den \u00f8vre kappe. S\u00e5 det er varmestr\u00f8mningerne (konvektionen) i kappen &#8211; ikke magnetiske kr\u00e6fter &#8211; der er den prim\u00e6re motor.\n<p>(Illustration af kontinenter vandring mangler i nu \ud83d\ude42 )<\/p>\n<p>Kontinentalpladerne har drevet rundt i mindst 3 til 4 milliarder \u00e5r. Denne konstante bev\u00e6gelse betyder, at Jordens geografi er i evig forandring. Gennem historien har denne proces gentagne gange samlet n\u00e6sten al landmasse i \u00e9t enormt superkontinent, som senere er brudt op igen i en cyklus kendt som Wilson-cyklen.<\/p>\n<p>Rodinia: Et af de tidligst kendte superkontinenter, som menes at have eksisteret for omkring 1,1 milliard til 750 millioner \u00e5r siden.<\/p>\n<p>Pang\u00e6a: Det mest ber\u00f8mte superkontinent, som eksisterede for omkring 335 til 175 millioner \u00e5r siden, i dinosaurernes tidlige \u00e6ra. Alfred Wegeners oprindelige teori om kontinentaldrift var baseret p\u00e5, hvordan kontinenterne i dag passer sammen som brikkerne fra Pang\u00e6as opsplitning.<\/p>\n<p>Fremtiden: Pladerne bev\u00e6ger sig stadig. Afrika bev\u00e6ger sig nordp\u00e5 mod Europa og vil en dag lukke Middelhavet, og Atlanterhavet bliver bredere. Om ca. 250 millioner \u00e5r vil kontinenterne sandsynligvis samles igen i et nyt superkontinent, &#8220;Pang\u00e6a Ultima&#8221;.<\/p>\nPladetektonik og Havniveau:\u00a0<br \/>\nPladernes drift har en dyb og direkte indflydelse p\u00e5 det globale havniveau. Dette sker prim\u00e6rt gennem \u00e6ndringer i oceanbassinerne volumen.\n<p>Hurtig Havbundsspredning: N\u00e5r pladerne bev\u00e6ger sig hurtigt fra hinanden ved de midtoceaniske rygge (hvor ny oceanbund dannes), er disse unders\u00f8iske bjergk\u00e6der store, varme og brede. De optager mere plads i oceanbassinet og &#8220;skubber&#8221; vandet op, hvilket resulterer i et h\u00f8jere globalt havniveau. Dette var tilf\u00e6ldet i Kridttiden, hvor store dele af kontinenterne var d\u00e6kket af lavvandede have.<\/p>\n<p>Langsom Havbundsspredning: N\u00e5r spredningen er langsom, er de midtoceaniske rygge smallere og koldere. De optager mindre plads, hvilket giver mere volumen til havvandet og f\u00f8rer til et lavere globalt havniveau.<\/p>\n<p>Superkontinent-cyklussen:<\/p>\n<p>N\u00e5r et superkontinent samles, er der \u00e9n stor landmasse og \u00e9t k\u00e6mpe ocean. Der er f\u00e6rre midtoceaniske rygge, hvilket f\u00f8rer til dybere oceanbassiner og generelt lavere havniveau.<\/p>\n<p>N\u00e5r et superkontinent bryder op, dannes der nye, mindre oceaner (som Atlanterhavet) med nye, aktive midtoceaniske rygge. Dette \u00f8ger den samlede volumen af rygge og f\u00f8rer til et h\u00f8jere havniveau.<\/p>\n<p>Pladernes position har ogs\u00e5 en indirekte effekt via klimaet. N\u00e5r store landmasser befinder sig n\u00e6r polerne, kan der dannes massive iskapper. Vand, der bindes som is p\u00e5 land, tages fra havene, hvilket f\u00f8rer til et markant fald i havniveauet, som vi ser under istider.<\/p>\n\n","protected":false},"excerpt":{"rendered":"<p>Hvad danner sten? tid, varme, tryk, vand der er mange faktore i spil. Alle danske strande flyder med sten, og ude p\u00e5 marker eller i haven er der sten i jorden, store som sm\u00e5. Den st\u00f8rste l\u00f8st liggende sten i Danmark er Dammestenen p\u00e5 1200 tons og 13,8 meter p\u00e5 [&hellip;]<\/p>\n","protected":false},"author":1,"featured_media":0,"parent":0,"menu_order":0,"comment_status":"closed","ping_status":"closed","template":"","meta":{"_themeisle_gutenberg_block_has_review":false,"footnotes":""},"class_list":["post-4324","page","type-page","status-publish","hentry"],"_links":{"self":[{"href":"https:\/\/stenbutikken.dk\/index.php\/wp-json\/wp\/v2\/pages\/4324","targetHints":{"allow":["GET"]}}],"collection":[{"href":"https:\/\/stenbutikken.dk\/index.php\/wp-json\/wp\/v2\/pages"}],"about":[{"href":"https:\/\/stenbutikken.dk\/index.php\/wp-json\/wp\/v2\/types\/page"}],"author":[{"embeddable":true,"href":"https:\/\/stenbutikken.dk\/index.php\/wp-json\/wp\/v2\/users\/1"}],"replies":[{"embeddable":true,"href":"https:\/\/stenbutikken.dk\/index.php\/wp-json\/wp\/v2\/comments?post=4324"}],"version-history":[{"count":17,"href":"https:\/\/stenbutikken.dk\/index.php\/wp-json\/wp\/v2\/pages\/4324\/revisions"}],"predecessor-version":[{"id":5584,"href":"https:\/\/stenbutikken.dk\/index.php\/wp-json\/wp\/v2\/pages\/4324\/revisions\/5584"}],"wp:attachment":[{"href":"https:\/\/stenbutikken.dk\/index.php\/wp-json\/wp\/v2\/media?parent=4324"}],"curies":[{"name":"wp","href":"https:\/\/api.w.org\/{rel}","templated":true}]}}