{"id":4386,"date":"2025-09-05T19:32:43","date_gmt":"2025-09-05T17:32:43","guid":{"rendered":"http:\/\/stenbutikken.dk\/?page_id=4386"},"modified":"2025-09-14T21:20:02","modified_gmt":"2025-09-14T19:20:02","slug":"museer-stenklubber-og-hjemmesider","status":"publish","type":"page","link":"https:\/\/stenbutikken.dk\/index.php\/museer-stenklubber-og-hjemmesider\/","title":{"rendered":"Museer, Stenklubber og hjemmesider"},"content":{"rendered":"\n\n\t<p>Danske stenklubber<\/p>\n<a href=\"https:\/\/fynskestenklub.dk\/\" target=\"_blank\" rel=\"noopener\">Den fynske stenklub<\/a><br \/>\n<a href=\"https:\/\/www.geomaf.dk\/\" target=\"_blank\" rel=\"noopener\">M\u00f8ns anat\u00f8rgeologiske forening<\/a><br \/>\n<a href=\"http:\/\/www.jyskstenklub.dk\/index.htm\" target=\"_blank\" rel=\"noopener\">Jysk stenklub, Arhus<\/a><br \/>\n<a href=\"https:\/\/www.stenklubben.dk\/\" target=\"_blank\" rel=\"noopener\">Sydsj\u00e6lland amat\u00f8rgeologiske forening, N\u00e6stved<\/a><br \/>\n<a href=\"https:\/\/stenvennerne.dk\/\" target=\"_blank\" rel=\"noopener\">Stenvennerne, K\u00f8benhavn<\/a><br \/>\n<a href=\"https:\/\/www.vendsysselstenklub.dk\/\" target=\"_blank\" rel=\"noopener\">Vendsyssel stenklub, Nordjylland<\/a><br \/>\n<a href=\"https:\/\/www.vestjyskstenklub.dk\/\" target=\"_blank\" rel=\"noopener\">Vestjysk stenklub, Mors<\/a>\n<p>Danske museer<\/p>\n<a href=\"http:\/\/www.grusgravssamlingen.dk\/?liste=artikler&amp;number=1\" target=\"_blank\" rel=\"noopener\">Davinde Stenmuseum<\/a><br \/>\n<a href=\"https:\/\/detsortegeomuseum.dk\/\" target=\"_blank\" rel=\"noopener\">Det sorte museum, Gedser<\/a><br \/>\n<a href=\"https:\/\/www.oesm.dk\/geomuseum-faxe\/\" target=\"_blank\" rel=\"noopener\">Fakse Geomuseum<\/a><br \/>\n<a href=\"https:\/\/museummors.dk\/museer-og-arkiv\/fossil-og-molermuseet\/\" target=\"_blank\" rel=\"noopener\">Fosil og Molermuseum, Mors<\/a><br \/>\n<a href=\"https:\/\/www.furmuseum.dk\/\" target=\"_blank\" rel=\"noopener\">Fur museum<\/a><br \/>\n<a href=\"https:\/\/moensklint.dk\/\" target=\"_blank\" rel=\"noopener\">GeoCenter M\u00f8ns Klint<\/a><br \/>\n<a href=\"https:\/\/www.visitsonderjylland.dk\/turist\/information\/museum-soenderjylland-gram-lergrav-palaeontologi-gdk611887\" target=\"_blank\" rel=\"noopener\">Gram, sydjylland<\/a><br \/>\n<a href=\"https:\/\/snm.dk\/da\/udstillinger\" target=\"_blank\" rel=\"noopener\">Geologisk museum, K\u00f8benhavn (Natur historisk museum)<\/a><br \/>\n<a href=\"https:\/\/www.knuthenborg.dk\/da\/evolutionsmuseet\" target=\"_blank\" rel=\"noopener\">Knuthenborg Safaripark (dinosaurmuseer)<\/a><br \/>\n<a href=\"https:\/\/stevnsklint.dk\/\" target=\"_blank\" rel=\"noopener\">Stevns Klint Experience<\/a>\n\n","protected":false},"excerpt":{"rendered":"<p>Danske stenklubber Den fynske stenklub M\u00f8ns anat\u00f8rgeologiske forening Jysk stenklub, Arhus Sydsj\u00e6lland amat\u00f8rgeologiske forening, N\u00e6stved Stenvennerne, K\u00f8benhavn Vendsyssel stenklub, Nordjylland Vestjysk stenklub, Mors Danske museer Davinde Stenmuseum Det sorte museum, Gedser Fakse Geomuseum Fosil og Molermuseum, Mors Fur museum GeoCenter M\u00f8ns Klint Gram, sydjylland Geologisk museum, K\u00f8benhavn (Natur historisk museum) [&hellip;]<\/p>\n","protected":false},"author":1,"featured_media":0,"parent":0,"menu_order":0,"comment_status":"closed","ping_status":"closed","template":"","meta":{"_themeisle_gutenberg_block_has_review":false,"footnotes":""},"class_list":["post-4386","page","type-page","status-publish","hentry"],"_links":{"self":[{"href":"https:\/\/stenbutikken.dk\/index.php\/wp-json\/wp\/v2\/pages\/4386","targetHints":{"allow":["GET"]}}],"collection":[{"href":"https:\/\/stenbutikken.dk\/index.php\/wp-json\/wp\/v2\/pages"}],"about":[{"href":"https:\/\/stenbutikken.dk\/index.php\/wp-json\/wp\/v2\/types\/page"}],"author":[{"embeddable":true,"href":"https:\/\/stenbutikken.dk\/index.php\/wp-json\/wp\/v2\/users\/1"}],"replies":[{"embeddable":true,"href":"https:\/\/stenbutikken.dk\/index.php\/wp-json\/wp\/v2\/comments?post=4386"}],"version-history":[{"count":6,"href":"https:\/\/stenbutikken.dk\/index.php\/wp-json\/wp\/v2\/pages\/4386\/revisions"}],"predecessor-version":[{"id":4598,"href":"https:\/\/stenbutikken.dk\/index.php\/wp-json\/wp\/v2\/pages\/4386\/revisions\/4598"}],"wp:attachment":[{"href":"https:\/\/stenbutikken.dk\/index.php\/wp-json\/wp\/v2\/media?parent=4386"}],"curies":[{"name":"wp","href":"https:\/\/api.w.org\/{rel}","templated":true}]}}