{"id":4399,"date":"2025-09-06T20:44:19","date_gmt":"2025-09-06T18:44:19","guid":{"rendered":"http:\/\/stenbutikken.dk\/?page_id=4399"},"modified":"2025-09-20T16:14:49","modified_gmt":"2025-09-20T14:14:49","slug":"lokaliteter-i-groenland","status":"publish","type":"page","link":"https:\/\/stenbutikken.dk\/index.php\/lokaliteter-i-groenland\/","title":{"rendered":"Lokaliteter i Gr\u00f8nland"},"content":{"rendered":"\n\n\t\t\t\t<img decoding=\"async\" src=\"http:\/\/stenbutikken.dk\/wp-content\/uploads\/2025\/09\/DSC_2623-scaled.jpg\" alt=\"DSC_2623\" itemprop=\"image\" title=\"DSC_2623\" onerror=\"this.style.display='none'\" loading=\"lazy\" \/>\n\t<p>Kvanefjeldet og Tassq har en r\u00e6kke lokaliteter, hvor der kan findes en bred spektre af mineraler.<\/p>\n\t\t\t\t<img decoding=\"async\" src=\"http:\/\/stenbutikken.dk\/wp-content\/uploads\/2025\/09\/narsaq.jpg\" alt=\"narsaq\" itemprop=\"image\" title=\"narsaq\" onerror=\"this.style.display='none'\" loading=\"lazy\" \/>\n\tKort over lokaliteter i Narsaq omr\u00e5det, listen er ikke fuldst\u00e6ndig, der findes langt flere fundsteder i selve <a href=\"https:\/\/www.geoviden.dk\/kaempeforekomsten-i-det-groenlandske-kvanefjeld\/\" target=\"_blank\" rel=\"noopener\">Il\u00edmaussaq Intrusionen<\/a> og en enkel lokaliteet uden for Intrusionen.<br \/>\nIlimaussaq intrusionen er kendt for at indeholde 243 enkle mineraler, hvor af de 38 er type lokalitet, dvs. At de er fundet i Ilimaussaq og beskrevet f\u00f8rste gang, mange af dem er sidenhen fundet andre steder i verden. Men enkle mineraler findes kun dette ene sted i hele verden.\n\t\t\t\t<img decoding=\"async\" src=\"http:\/\/stenbutikken.dk\/wp-content\/uploads\/2025\/09\/DSC0790-1-scaled.jpg\" alt=\"_DSC0790\" itemprop=\"image\" title=\"_DSC0790\" onerror=\"this.style.display='none'\" loading=\"lazy\" \/>\n\tLokalitet Nr: 1.<br \/>\nI den nordlige ende af den store s\u00f8 p\u00e5 Kvanefjelds plateauet, er der et omr\u00e5de p\u00e5 50&#215;100 meter som er tydelig at se p\u00e5 afstand (det lyse omr\u00e5de til venster). Der kan findes flotte Arfvedsonit og \u00c6gerin krystaller.\n\tLokalitet Nr: 2.<br \/>\nP\u00e5 plateauet lige over den gamle mine, gr\u00e6nsende ud til en mindre s\u00f8, er det mest produktive omr\u00e5de for Tugtupit, der er blevet brudt store m\u00e6ngder gennem tiden, og omr\u00e5det er ved at v\u00e6re t\u00f8mt for Tugtupig gange n\u00e6r overfladen, s\u00e5 det er slidsomt arbejde de lokale laver for at tilg\u00e5 nye Tugtupit \u00e5re. Fra denne lokalitet og direkte ud mod fjelsiden hvor minen findes, t\u00e6t p\u00e5 kanten er der et mindre omr\u00e5de hvor der ogs\u00e5 tidliger er brudt Tugtupit, og hvor der ogs\u00e5 skulle ha v\u00e6re den meget sj\u00e6ldende bl\u00e5 variant.\n\t\t\t\t<img decoding=\"async\" src=\"http:\/\/stenbutikken.dk\/wp-content\/uploads\/2025\/09\/DSC0085-scaled.jpg\" alt=\"_DSC0085\" itemprop=\"image\" title=\"_DSC0085\" onerror=\"this.style.display='none'\" loading=\"lazy\" \/>\n\tLokalitet nr: 3.<br \/>\nP\u00e5 Tassaq siden, n\u00e6sten i direkte linje fra minen findes der et mindre omr\u00e5de p\u00e5 50&#215;50 meter, hvor der findes Stenstrupin krystaller, samt en masse andre mineraler, hvor af en del reagere p\u00e5 uv lys.\n\t\t\t\t<img decoding=\"async\" src=\"http:\/\/stenbutikken.dk\/wp-content\/uploads\/2025\/09\/Tassaq-tugtupit.jpg\" alt=\"Tassaq-tugtupit\" itemprop=\"image\" title=\"Tassaq-tugtupit\" onerror=\"this.style.display='none'\" loading=\"lazy\" \/>\n\t<p>Lokalitet Nr: 4 Den norlige endev\u00e6g af Tassaq skr\u00e5ningen er der et mindre omr\u00e5de hvor der findes Tugtupit, og 250 meter h\u00f8jre opp med selve s\u00f8en er der en meget lille lokalitet med flaskegr\u00f8n sodalit.<\/p>\n\t\t\t\t<img decoding=\"async\" src=\"http:\/\/stenbutikken.dk\/wp-content\/uploads\/2025\/09\/DSC_0182-scaled.jpg\" alt=\"DSC_0182\" itemprop=\"image\" title=\"DSC_0182\" onerror=\"this.style.display='none'\" loading=\"lazy\" \/>\n\t\t\t\t<img decoding=\"async\" src=\"http:\/\/stenbutikken.dk\/wp-content\/uploads\/2025\/09\/DSC_0204-scaled.jpg\" alt=\"DSC_0204\" itemprop=\"image\" title=\"DSC_0204\" onerror=\"this.style.display='none'\" loading=\"lazy\" \/>\n\tLokalitet Nr: 5<br \/>\nDen vestlige spidst af Strygehjernet er et st\u00f8rre omr\u00e5de p\u00e5 50X100 meter, hvor der findes Gr\u00e5hvid Sodalit med veludviklet krystaller af Arfvedsonit, Den yderste del af halv\u00f8en danner en beskyttende bugt, hvor der har v\u00e6re Inuit boplads, desv\u00e6rre er info tavlerne udbr\u00e6ndte af solen for 20-30 siden.\n\t\t\t\t<img decoding=\"async\" src=\"http:\/\/stenbutikken.dk\/wp-content\/uploads\/2025\/09\/DSC_0163-scaled.jpg\" alt=\"DSC_0163\" itemprop=\"image\" title=\"DSC_0163\" onerror=\"this.style.display='none'\" loading=\"lazy\" \/>\n\tLokalitet Nr: 6.<br \/>\n60.927872, -45.945230 Lokalitet er kendt for Ussingit og sodalit med flot fluorescens, der kan findes en r\u00e6kke s\u00e6rlige mineraler i og omkring lokaliteten, et yndet og velbes\u00f8gt lokalitet.\n\t\t\t\t<img decoding=\"async\" src=\"http:\/\/stenbutikken.dk\/wp-content\/uploads\/2025\/09\/DSC_0153-scaled.jpg\" alt=\"DSC_0153\" itemprop=\"image\" title=\"DSC_0153\" onerror=\"this.style.display='none'\" loading=\"lazy\" \/>\n\tLokalitet nr: 7.<br \/>\n60\u00b054&#8217;13.7&#8243;N 46\u00b000&#8217;05.3&#8243;W Bjergkrystaller og Calsit, meget vanskelig at komme til lokaliteten fra landsiden, men nemt fra b\u00e5d, Bjergkrystaller har indeslutninger af bl\u00e5 asbest og med held sm\u00e5 ziakon krystaller.\n\t\t\t\t<img decoding=\"async\" src=\"http:\/\/stenbutikken.dk\/wp-content\/uploads\/2025\/09\/DSC0724-scaled.jpg\" alt=\"_DSC0724\" itemprop=\"image\" title=\"_DSC0724\" onerror=\"this.style.display='none'\" loading=\"lazy\" \/>\n\t\t\t\t<img decoding=\"async\" src=\"http:\/\/stenbutikken.dk\/wp-content\/uploads\/2025\/09\/DSC0740-scaled.jpg\" alt=\"_DSC0740\" itemprop=\"image\" title=\"_DSC0740\" onerror=\"this.style.display='none'\" loading=\"lazy\" \/>\n\tLokalitet nr: 8<br \/>\n60\u00b052&#8217;57.6&#8243;N 46\u00b006&#8217;13.1&#8243;W p\u00e5 \u00f8en over for Narsaq kan man p\u00e5 et meget lille omr\u00e5de finde det ekstreme sj\u00e6ldende mineral Emalusit, og 20 meter derfra p\u00e5 samme skr\u00e5ning mod syd findes ogs\u00e5 et lille omr\u00e5de med Narsasukit.\n\t\t\t\t<img decoding=\"async\" src=\"http:\/\/stenbutikken.dk\/wp-content\/uploads\/2025\/09\/DSC0402-scaled.jpg\" alt=\"DSC0402\" itemprop=\"image\" title=\"DSC0402\" onerror=\"this.style.display='none'\" loading=\"lazy\" \/>\n\tLokalitet Nr: 9<br \/>\nBunden af skolemesterfjorden 3-400 meter fra stranden op mod nord og en st\u00f8rre sten, er der en mindre brud, hvor der gennem er brudt Tugtigt med springstof. Der ligger nogle gamle skovle m.v.\n\t\t\t\t<img decoding=\"async\" src=\"http:\/\/stenbutikken.dk\/wp-content\/uploads\/2025\/09\/DSC0353-scaled.jpg\" alt=\"DSC0353\" itemprop=\"image\" title=\"DSC0353\" onerror=\"this.style.display='none'\" loading=\"lazy\" \/>\n\tLokalitet Nr. 10<br \/>\nNeden for fjeldsiden kaldet Kringlerne kan der findes l\u00f8se blokke af Krakorkit.\n\tLokalitet Nr. 11<br \/>\nDer er en mindre tange og en lille \u00f8, som indeholder store m\u00e6ngder Eudialyt.\n\tLokalitet Nr: 12<br \/>\nDenne lokalitet indeholder bl\u00e5 sodalit, men ogs\u00e5 store m\u00e6ngder af Stentrupin.\n\n","protected":false},"excerpt":{"rendered":"<p>Kvanefjeldet og Tassq har en r\u00e6kke lokaliteter, hvor der kan findes en bred spektre af mineraler. Kort over lokaliteter i Narsaq omr\u00e5det, listen er ikke fuldst\u00e6ndig, der findes langt flere fundsteder i selve Il\u00edmaussaq Intrusionen og en enkel lokaliteet uden for Intrusionen. Ilimaussaq intrusionen er kendt for at indeholde 243 [&hellip;]<\/p>\n","protected":false},"author":1,"featured_media":0,"parent":0,"menu_order":0,"comment_status":"closed","ping_status":"closed","template":"","meta":{"_themeisle_gutenberg_block_has_review":false,"footnotes":""},"class_list":["post-4399","page","type-page","status-publish","hentry"],"_links":{"self":[{"href":"https:\/\/stenbutikken.dk\/index.php\/wp-json\/wp\/v2\/pages\/4399","targetHints":{"allow":["GET"]}}],"collection":[{"href":"https:\/\/stenbutikken.dk\/index.php\/wp-json\/wp\/v2\/pages"}],"about":[{"href":"https:\/\/stenbutikken.dk\/index.php\/wp-json\/wp\/v2\/types\/page"}],"author":[{"embeddable":true,"href":"https:\/\/stenbutikken.dk\/index.php\/wp-json\/wp\/v2\/users\/1"}],"replies":[{"embeddable":true,"href":"https:\/\/stenbutikken.dk\/index.php\/wp-json\/wp\/v2\/comments?post=4399"}],"version-history":[{"count":18,"href":"https:\/\/stenbutikken.dk\/index.php\/wp-json\/wp\/v2\/pages\/4399\/revisions"}],"predecessor-version":[{"id":5556,"href":"https:\/\/stenbutikken.dk\/index.php\/wp-json\/wp\/v2\/pages\/4399\/revisions\/5556"}],"wp:attachment":[{"href":"https:\/\/stenbutikken.dk\/index.php\/wp-json\/wp\/v2\/media?parent=4399"}],"curies":[{"name":"wp","href":"https:\/\/api.w.org\/{rel}","templated":true}]}}