{"id":4415,"date":"2025-09-07T15:31:24","date_gmt":"2025-09-07T13:31:24","guid":{"rendered":"http:\/\/stenbutikken.dk\/?page_id=4415"},"modified":"2025-11-30T23:06:04","modified_gmt":"2025-11-30T22:06:04","slug":"danske-lokaliteter","status":"publish","type":"page","link":"https:\/\/stenbutikken.dk\/index.php\/danske-lokaliteter\/","title":{"rendered":"Danske lokaliteter"},"content":{"rendered":"\n\n\t\t\t\t<img decoding=\"async\" src=\"http:\/\/stenbutikken.dk\/wp-content\/uploads\/2025\/09\/danmark.jpg\" alt=\"danmark\" itemprop=\"image\" title=\"danmark\" onerror=\"this.style.display='none'\" loading=\"lazy\" \/>\n\t<a href=\"http:\/\/stenbutikken.dk\/index.php\/hillerslev-kalk-grav\/\">1. Hillerslev kalk grav<\/a><br \/>\n<a href=\"http:\/\/stenbutikken.dk\/index.php\/mors-ejerslev-moler\/\">2. Mors, Ejerslev Moler<\/a><br \/>\n<a href=\"http:\/\/stenbutikken.dk\/index.php\/fur-moler\/\">3. Fur, Moler<\/a><br \/>\n<a href=\"http:\/\/stenbutikken.dk\/index.php\/mogenstrup-og-lyby\/\">4. Mogenstrup og Lyby nord for skive<\/a><br \/>\n<a href=\"http:\/\/stenbutikken.dk\/index.php\/dalbyover-kalkgrav\/\">5. Dalbyover kalkgrav<\/a><br \/>\n<a href=\"http:\/\/stenbutikken.dk\/index.php\/grusgrave-vestjylland\/\">6. Grusgrave Vestjylland<\/a><br \/>\n<a href=\"http:\/\/stenbutikken.dk\/index.php\/sangstrup-klint-djursland-kridt\/\">7. Sangstrup Klint, Djursland Kridt<\/a><br \/>\n<a href=\"http:\/\/stenbutikken.dk\/index.php\/traldenaes-fredericia\/\">8. Tralden\u00e6s, Fredericia<\/a><br \/>\n<a href=\"http:\/\/stenbutikken.dk\/index.php\/gram-lergrav\/\">9. Gram Lergrav<\/a><br \/>\n<a href=\"http:\/\/stenbutikken.dk\/index.php\/stevns-klint\/\">10. Stevns klint<\/a><br \/>\n<a href=\"http:\/\/stenbutikken.dk\/index.php\/faxe-kalkbrud\/\">11. Faxe kalkbrud<\/a><br \/>\n<a href=\"http:\/\/stenbutikken.dk\/index.php\/moens-klint\/\">12. M\u00f8ns klint<\/a><br \/>\n<a href=\"http:\/\/stenbutikken.dk\/index.php\/hasle-bornholm\/\">13. Hasle, Bornholm<\/a><br \/>\n<a href=\"http:\/\/stenbutikken.dk\/index.php\/arnager-bornholm\/\">14. Arnager, Bornholm<\/a>\nListen er lang fra fuldst\u00e6ndige, alle strande og grusgrave er oplagte steder at se efter fossiler, mineraler og bjergarter. Selv grusveje og grusbunker kan indeholde sp\u00e6ndende fund.<br \/>\nTager du til stranden er det altid en god iden og se p\u00e5 dmi.dk forhold omkring tidevand, du vil\u00a0 kunne opleve at stranden kan v\u00e6re helt oversv\u00f8mmet pga. h\u00f8jvande, s\u00e5 det anbefales at tage til stranden n\u00e5r det er lavvande, s\u00e5 er der langt flere sten at se p\u00e5.<br \/>\nDu kan ogs\u00e5 bes\u00f8ge stranden n\u00e5r det er m\u00f8rkt, og lede med en UV lampe, der er mange ravsamler som s\u00f8ger ved hj\u00e6lp af en UV-lampe, men du kan ogs\u00e5 v\u00e6re heldig finde en del fossiler som ogs\u00e5 fluorescere, s\u00e6rlige v\u00e6ttelys lyser orange n\u00e5r de uds\u00e6ttes for langb\u00f8lge UV lys n\u00e5r det er m\u00f8rkt, men ogs\u00e5 calsit, hvilket en del fossiler i Flindt best\u00e5r af.<br \/>\nGrusgrave er bedste at bes\u00f8ge udenfor arbejdstid, normal efter kl 16-17 p\u00e5 hverdage og ellers i weekenden, kan du ikke vente kan du altid sp\u00f8rge medarbejder i grusgraven om det er ok at du leder efter sten. For mit vedkommende er det bunker med sten i st\u00f8rrelsen 5-25 cm st\u00f8rrelsen som har indeholde de bedste fund, hvor jeg sj\u00e6lden har fundet noget af interesse i stenst\u00f8rrelsen 2 cm og mindre.<br \/>\nDu kan finde grusgrave ved hj\u00e6lp af Google maps, hvor der p\u00e5 satellit billeder, relativ nemt kan ses omr\u00e5der hvor der foreg\u00e5r r\u00e5stof gravning. Min erfaring er at grusgrave er mest attraktive efter et regnskyl, hvor stene bliver afvasket, og at strukturer bedre ses p\u00e5 v\u00e5de sten. Og overskyet er ogs\u00e5 en fordel, kraftig sol bl\u00e6nder og skaber skarpere kontraster som g\u00f8r det vanskeligere at se attraktive fund.<br \/>\nT\u00e6t p\u00e5 Thybor\u00f8n i vestjylland landes der sten, som er opfisket ude i Nords\u00f8en, fra et omr\u00e5de kaldet jyske rev, med held er det muligt at f\u00e5 tilladelse til at disse stenbunker.<br \/>\nDer er fundet en del blokke med fossiler i disse grusbunker, som sp\u00e6nder over et st\u00f8rre tidsperiode.<br \/>\nI den sydlige ende af Esbjerg havn, landes der ogs\u00e5 grus og blokke fra Jyske rev, det kan dog v\u00e6re vanskelig at f\u00e5 adgang til disse bunker, da de ligger p\u00e5 et afsp\u00e6rret omr\u00e5de p\u00e5 havnen.\n<p>&nbsp;<\/p>\n\n","protected":false},"excerpt":{"rendered":"<p>1. Hillerslev kalk grav 2. Mors, Ejerslev Moler 3. Fur, Moler 4. Mogenstrup og Lyby nord for skive 5. Dalbyover kalkgrav 6. Grusgrave Vestjylland 7. Sangstrup Klint, Djursland Kridt 8. Tralden\u00e6s, Fredericia 9. Gram Lergrav 10. Stevns klint 11. Faxe kalkbrud 12. M\u00f8ns klint 13. Hasle, Bornholm 14. Arnager, Bornholm [&hellip;]<\/p>\n","protected":false},"author":1,"featured_media":0,"parent":0,"menu_order":0,"comment_status":"closed","ping_status":"closed","template":"","meta":{"_themeisle_gutenberg_block_has_review":false,"footnotes":""},"class_list":["post-4415","page","type-page","status-publish","hentry"],"_links":{"self":[{"href":"https:\/\/stenbutikken.dk\/index.php\/wp-json\/wp\/v2\/pages\/4415","targetHints":{"allow":["GET"]}}],"collection":[{"href":"https:\/\/stenbutikken.dk\/index.php\/wp-json\/wp\/v2\/pages"}],"about":[{"href":"https:\/\/stenbutikken.dk\/index.php\/wp-json\/wp\/v2\/types\/page"}],"author":[{"embeddable":true,"href":"https:\/\/stenbutikken.dk\/index.php\/wp-json\/wp\/v2\/users\/1"}],"replies":[{"embeddable":true,"href":"https:\/\/stenbutikken.dk\/index.php\/wp-json\/wp\/v2\/comments?post=4415"}],"version-history":[{"count":16,"href":"https:\/\/stenbutikken.dk\/index.php\/wp-json\/wp\/v2\/pages\/4415\/revisions"}],"predecessor-version":[{"id":5589,"href":"https:\/\/stenbutikken.dk\/index.php\/wp-json\/wp\/v2\/pages\/4415\/revisions\/5589"}],"wp:attachment":[{"href":"https:\/\/stenbutikken.dk\/index.php\/wp-json\/wp\/v2\/media?parent=4415"}],"curies":[{"name":"wp","href":"https:\/\/api.w.org\/{rel}","templated":true}]}}