{"id":4446,"date":"2025-09-08T19:22:04","date_gmt":"2025-09-08T17:22:04","guid":{"rendered":"http:\/\/stenbutikken.dk\/?page_id=4446"},"modified":"2025-09-18T20:52:35","modified_gmt":"2025-09-18T18:52:35","slug":"mors-ejerslev-moler","status":"publish","type":"page","link":"https:\/\/stenbutikken.dk\/index.php\/mors-ejerslev-moler\/","title":{"rendered":"Mors, Ejerslev Moler"},"content":{"rendered":"\n\n\t\t\t\t<img decoding=\"async\" src=\"http:\/\/stenbutikken.dk\/wp-content\/uploads\/2025\/09\/DSC_6155.jpg\" alt=\"DSC_6155\" itemprop=\"image\" title=\"DSC_6155\" onerror=\"this.style.display='none'\" loading=\"lazy\" \/>\n\t<p>Moleret er en unik lagserie med en alder p\u00e5 ca. 54 millioner, moleret er kendt for sine meget flotte og meget varieret fossiler. Det er gammel havbund som er afsat i meget rolig og derved opn\u00e5et at v\u00e6re meget lagdelt, der var ikke bundlevende dyr i st\u00f8rre omfang, hvilket har bevirket at selv meget fine og skr\u00f8belige fossiler som insekter der kan findes velbevaret.<\/p>\n\t\t\t\t<img decoding=\"async\" src=\"http:\/\/stenbutikken.dk\/wp-content\/uploads\/2025\/09\/DSC_5632.jpg\" alt=\"DSC_5632\" itemprop=\"image\" title=\"DSC_5632\" onerror=\"this.style.display='none'\" loading=\"lazy\" \/>\n\t<p>Luffe, er en havskildpadde unge som er fundet af Henrik Madsen, den s\u00e5 ikke s\u00e5dan ud da den blev fundet, der er brugt 100 vis af timer arbejde for at pr\u00e6parere den frem af cement stenen.<\/p>\n\t\t\t\t<img decoding=\"async\" src=\"http:\/\/stenbutikken.dk\/wp-content\/uploads\/2025\/09\/DSC_5643.jpg\" alt=\"DSC_5643\" itemprop=\"image\" title=\"DSC_5643\" onerror=\"this.style.display='none'\" loading=\"lazy\" \/>\n\t\t\t\t<img decoding=\"async\" src=\"http:\/\/stenbutikken.dk\/wp-content\/uploads\/2025\/09\/ejerslev-artikel.jpg\" alt=\"ejerslev-artikel\" itemprop=\"image\" title=\"ejerslev-artikel\" onerror=\"this.style.display='none'\" loading=\"lazy\" \/>\n\tMoleret er blevet foldet af gletsjer under istiden, da den blev dannet for 54 millioner, var havbunden p\u00e5 200 meter dybde, og de mikroskopiske diatom\u00e9er dalede ned gennem vads\u00f8jlen og skabte p\u00e5 den m\u00e5de de meget fine lag som moleret er opbygget af.<br \/>\nN\u00e5r man betragter moler skranter, ser man m\u00f8rke\/sorte lag som med vekslende mellemrum, det er askelag fra vulkaner som fandtes i Nords\u00f8en, og asken drev mod syd\u00f8st og faldt ned i de oprindelige moler hav, lagen er nummereret og der registreret 187 askelag, de lag med nagativ nummerering er kend ved at v\u00e6re tynde, hvor de positive lagserier er meget tykkere, med nr. 19 som den tykkeste askelag.\u00a0\n\t\t\t\t<img decoding=\"async\" src=\"http:\/\/stenbutikken.dk\/wp-content\/uploads\/2025\/09\/insekt-artikel1.jpg\" alt=\"insekt-artikel1\" itemprop=\"image\" title=\"insekt-artikel1\" onerror=\"this.style.display='none'\" loading=\"lazy\" \/>\n\n","protected":false},"excerpt":{"rendered":"<p>Moleret er en unik lagserie med en alder p\u00e5 ca. 54 millioner, moleret er kendt for sine meget flotte og meget varieret fossiler. Det er gammel havbund som er afsat i meget rolig og derved opn\u00e5et at v\u00e6re meget lagdelt, der var ikke bundlevende dyr i st\u00f8rre omfang, hvilket har [&hellip;]<\/p>\n","protected":false},"author":1,"featured_media":0,"parent":0,"menu_order":0,"comment_status":"closed","ping_status":"closed","template":"","meta":{"_themeisle_gutenberg_block_has_review":false,"footnotes":""},"class_list":["post-4446","page","type-page","status-publish","hentry"],"_links":{"self":[{"href":"https:\/\/stenbutikken.dk\/index.php\/wp-json\/wp\/v2\/pages\/4446","targetHints":{"allow":["GET"]}}],"collection":[{"href":"https:\/\/stenbutikken.dk\/index.php\/wp-json\/wp\/v2\/pages"}],"about":[{"href":"https:\/\/stenbutikken.dk\/index.php\/wp-json\/wp\/v2\/types\/page"}],"author":[{"embeddable":true,"href":"https:\/\/stenbutikken.dk\/index.php\/wp-json\/wp\/v2\/users\/1"}],"replies":[{"embeddable":true,"href":"https:\/\/stenbutikken.dk\/index.php\/wp-json\/wp\/v2\/comments?post=4446"}],"version-history":[{"count":4,"href":"https:\/\/stenbutikken.dk\/index.php\/wp-json\/wp\/v2\/pages\/4446\/revisions"}],"predecessor-version":[{"id":5547,"href":"https:\/\/stenbutikken.dk\/index.php\/wp-json\/wp\/v2\/pages\/4446\/revisions\/5547"}],"wp:attachment":[{"href":"https:\/\/stenbutikken.dk\/index.php\/wp-json\/wp\/v2\/media?parent=4446"}],"curies":[{"name":"wp","href":"https:\/\/api.w.org\/{rel}","templated":true}]}}