{"id":4454,"date":"2025-09-08T19:58:02","date_gmt":"2025-09-08T17:58:02","guid":{"rendered":"http:\/\/stenbutikken.dk\/?page_id=4454"},"modified":"2025-09-08T19:58:02","modified_gmt":"2025-09-08T17:58:02","slug":"fur-moler","status":"publish","type":"page","link":"https:\/\/stenbutikken.dk\/index.php\/fur-moler\/","title":{"rendered":"Fur, Moler"},"content":{"rendered":"\n\n\tFur er kendt for sine h\u00f8je moler skr\u00e6nter p\u00e5 nordsiden, og de nu nedlagte grave p\u00e5 den h\u00f8jeste den af \u00f8en.<br \/>\nDet er forsat muligt at finde fossiler i de nedlagte grave og p\u00e5 stranden.\n\n","protected":false},"excerpt":{"rendered":"<p>Fur er kendt for sine h\u00f8je moler skr\u00e6nter p\u00e5 nordsiden, og de nu nedlagte grave p\u00e5 den h\u00f8jeste den af \u00f8en. Det er forsat muligt at finde fossiler i de nedlagte grave og p\u00e5 stranden.<\/p>\n","protected":false},"author":1,"featured_media":0,"parent":0,"menu_order":0,"comment_status":"closed","ping_status":"closed","template":"","meta":{"_themeisle_gutenberg_block_has_review":false,"footnotes":""},"class_list":["post-4454","page","type-page","status-publish","hentry"],"_links":{"self":[{"href":"https:\/\/stenbutikken.dk\/index.php\/wp-json\/wp\/v2\/pages\/4454","targetHints":{"allow":["GET"]}}],"collection":[{"href":"https:\/\/stenbutikken.dk\/index.php\/wp-json\/wp\/v2\/pages"}],"about":[{"href":"https:\/\/stenbutikken.dk\/index.php\/wp-json\/wp\/v2\/types\/page"}],"author":[{"embeddable":true,"href":"https:\/\/stenbutikken.dk\/index.php\/wp-json\/wp\/v2\/users\/1"}],"replies":[{"embeddable":true,"href":"https:\/\/stenbutikken.dk\/index.php\/wp-json\/wp\/v2\/comments?post=4454"}],"version-history":[{"count":2,"href":"https:\/\/stenbutikken.dk\/index.php\/wp-json\/wp\/v2\/pages\/4454\/revisions"}],"predecessor-version":[{"id":4457,"href":"https:\/\/stenbutikken.dk\/index.php\/wp-json\/wp\/v2\/pages\/4454\/revisions\/4457"}],"wp:attachment":[{"href":"https:\/\/stenbutikken.dk\/index.php\/wp-json\/wp\/v2\/media?parent=4454"}],"curies":[{"name":"wp","href":"https:\/\/api.w.org\/{rel}","templated":true}]}}