{"id":4475,"date":"2025-09-09T12:36:26","date_gmt":"2025-09-09T10:36:26","guid":{"rendered":"http:\/\/stenbutikken.dk\/?page_id=4475"},"modified":"2025-11-24T18:19:36","modified_gmt":"2025-11-24T17:19:36","slug":"dalbyover-kalkgrav","status":"publish","type":"page","link":"https:\/\/stenbutikken.dk\/index.php\/dalbyover-kalkgrav\/","title":{"rendered":"Dalbyover kalkgrav"},"content":{"rendered":"\n\n\t\t\t\t<img decoding=\"async\" src=\"http:\/\/stenbutikken.dk\/wp-content\/uploads\/2025\/09\/dalbyover.jpg\" alt=\"dalbyover\" itemprop=\"image\" title=\"dalbyover\" onerror=\"this.style.display='none'\" loading=\"lazy\" \/>\n\tKalkgraven er kendt for at v\u00e6re rig p\u00e5 s\u00f8pindsvin, er ikke l\u00e6ngere en aktiv kalkbrud, men er forsat \u00e5ben som en geolokalitet. Kalken har samme alder som Fakse som er den geologiske periode Danien. De mest almindelige fossiler er s\u00f8pindsvinet\u00a0Echinocorys, s\u00f8liljestilke, brachiopoden, og sj\u00e6lden hajt\u00e6nder.<br \/>\nEfter som der ikke l\u00e6ngere er er aktivt i bruddet er m\u00e6ngden af fossiler begr\u00e6nset, og det kan klart anbefales selv at kl\u00f8ve blokke.\u00a0\n\t\t\t\t<img decoding=\"async\" src=\"http:\/\/stenbutikken.dk\/wp-content\/uploads\/2025\/09\/DSCN6595.jpg\" alt=\"DSCN6595\" itemprop=\"image\" title=\"DSCN6595\" onerror=\"this.style.display='none'\" loading=\"lazy\" \/>\n\n","protected":false},"excerpt":{"rendered":"<p>Kalkgraven er kendt for at v\u00e6re rig p\u00e5 s\u00f8pindsvin, er ikke l\u00e6ngere en aktiv kalkbrud, men er forsat \u00e5ben som en geolokalitet. Kalken har samme alder som Fakse som er den geologiske periode Danien. De mest almindelige fossiler er s\u00f8pindsvinet\u00a0Echinocorys, s\u00f8liljestilke, brachiopoden, og sj\u00e6lden hajt\u00e6nder. Efter som der ikke l\u00e6ngere [&hellip;]<\/p>\n","protected":false},"author":1,"featured_media":0,"parent":0,"menu_order":0,"comment_status":"closed","ping_status":"closed","template":"","meta":{"_themeisle_gutenberg_block_has_review":false,"footnotes":""},"class_list":["post-4475","page","type-page","status-publish","hentry"],"_links":{"self":[{"href":"https:\/\/stenbutikken.dk\/index.php\/wp-json\/wp\/v2\/pages\/4475","targetHints":{"allow":["GET"]}}],"collection":[{"href":"https:\/\/stenbutikken.dk\/index.php\/wp-json\/wp\/v2\/pages"}],"about":[{"href":"https:\/\/stenbutikken.dk\/index.php\/wp-json\/wp\/v2\/types\/page"}],"author":[{"embeddable":true,"href":"https:\/\/stenbutikken.dk\/index.php\/wp-json\/wp\/v2\/users\/1"}],"replies":[{"embeddable":true,"href":"https:\/\/stenbutikken.dk\/index.php\/wp-json\/wp\/v2\/comments?post=4475"}],"version-history":[{"count":6,"href":"https:\/\/stenbutikken.dk\/index.php\/wp-json\/wp\/v2\/pages\/4475\/revisions"}],"predecessor-version":[{"id":5588,"href":"https:\/\/stenbutikken.dk\/index.php\/wp-json\/wp\/v2\/pages\/4475\/revisions\/5588"}],"wp:attachment":[{"href":"https:\/\/stenbutikken.dk\/index.php\/wp-json\/wp\/v2\/media?parent=4475"}],"curies":[{"name":"wp","href":"https:\/\/api.w.org\/{rel}","templated":true}]}}