{"id":4484,"date":"2025-09-09T14:25:32","date_gmt":"2025-09-09T12:25:32","guid":{"rendered":"http:\/\/stenbutikken.dk\/?page_id=4484"},"modified":"2025-12-12T21:52:05","modified_gmt":"2025-12-12T20:52:05","slug":"grusgrave-vestjylland","status":"publish","type":"page","link":"https:\/\/stenbutikken.dk\/index.php\/grusgrave-vestjylland\/","title":{"rendered":"Grusgrave Vestjylland"},"content":{"rendered":"\n\n\t\t\t\t<img decoding=\"async\" src=\"http:\/\/stenbutikken.dk\/wp-content\/uploads\/2025\/09\/DCP06333.jpg\" alt=\"DCP06333\" itemprop=\"image\" title=\"DCP06333\" onerror=\"this.style.display='none'\" loading=\"lazy\" \/>\n\tGrusgrave i Vestjylland men ogs\u00e5 grusgrave i hele landet byder p\u00e5 en r\u00e6kke gode muligheder for at finde fossiler og bjergarter. Det er typisk s\u00f8pindsvin, Braciopoder forstenet tr\u00e6, l\u00f8se blokke med fossiler fra forskellige geologiske perioder.<br \/>\nI sj\u00e6ldne tilf\u00e6lde er der fundet mammut kindt\u00e6nder og st\u00f8dt\u00e6nder.<br \/>\nFordelen ved grusgrave som er aktive, er at der hele tiden kommer frisk materiale.<br \/>\nDet er bedst at bes\u00f8ge grusgrave uden for arbejdstid og weekender, s\u00e5 man ikke er i vejen for produktionen.\n\n<p>&nbsp;<\/p>\n\t\t\t\t<img decoding=\"async\" src=\"http:\/\/stenbutikken.dk\/wp-content\/uploads\/2025\/09\/DCP06336.jpg\" alt=\"DCP06336\" itemprop=\"image\" title=\"DCP06336\" onerror=\"this.style.display='none'\" loading=\"lazy\" \/>\n\n","protected":false},"excerpt":{"rendered":"<p>Grusgrave i Vestjylland men ogs\u00e5 grusgrave i hele landet byder p\u00e5 en r\u00e6kke gode muligheder for at finde fossiler og bjergarter. Det er typisk s\u00f8pindsvin, Braciopoder forstenet tr\u00e6, l\u00f8se blokke med fossiler fra forskellige geologiske perioder. I sj\u00e6ldne tilf\u00e6lde er der fundet mammut kindt\u00e6nder og st\u00f8dt\u00e6nder. Fordelen ved grusgrave som [&hellip;]<\/p>\n","protected":false},"author":1,"featured_media":0,"parent":0,"menu_order":0,"comment_status":"closed","ping_status":"closed","template":"","meta":{"_themeisle_gutenberg_block_has_review":false,"footnotes":""},"class_list":["post-4484","page","type-page","status-publish","hentry"],"_links":{"self":[{"href":"https:\/\/stenbutikken.dk\/index.php\/wp-json\/wp\/v2\/pages\/4484","targetHints":{"allow":["GET"]}}],"collection":[{"href":"https:\/\/stenbutikken.dk\/index.php\/wp-json\/wp\/v2\/pages"}],"about":[{"href":"https:\/\/stenbutikken.dk\/index.php\/wp-json\/wp\/v2\/types\/page"}],"author":[{"embeddable":true,"href":"https:\/\/stenbutikken.dk\/index.php\/wp-json\/wp\/v2\/users\/1"}],"replies":[{"embeddable":true,"href":"https:\/\/stenbutikken.dk\/index.php\/wp-json\/wp\/v2\/comments?post=4484"}],"version-history":[{"count":3,"href":"https:\/\/stenbutikken.dk\/index.php\/wp-json\/wp\/v2\/pages\/4484\/revisions"}],"predecessor-version":[{"id":5599,"href":"https:\/\/stenbutikken.dk\/index.php\/wp-json\/wp\/v2\/pages\/4484\/revisions\/5599"}],"wp:attachment":[{"href":"https:\/\/stenbutikken.dk\/index.php\/wp-json\/wp\/v2\/media?parent=4484"}],"curies":[{"name":"wp","href":"https:\/\/api.w.org\/{rel}","templated":true}]}}