{"id":4510,"date":"2025-09-09T19:36:12","date_gmt":"2025-09-09T17:36:12","guid":{"rendered":"http:\/\/stenbutikken.dk\/?page_id=4510"},"modified":"2025-09-18T00:35:09","modified_gmt":"2025-09-17T22:35:09","slug":"traldenaes-fredericia","status":"publish","type":"page","link":"https:\/\/stenbutikken.dk\/index.php\/traldenaes-fredericia\/","title":{"rendered":"Tralden\u00e6s, Fredericia"},"content":{"rendered":"\n\n\t\t\t\t<img decoding=\"async\" src=\"http:\/\/stenbutikken.dk\/wp-content\/uploads\/2025\/09\/tralde-1.jpg\" alt=\"tralde-1\" itemprop=\"image\" title=\"tralde-1\" onerror=\"this.style.display='none'\" loading=\"lazy\" \/>\n\tTralden\u00e6s mellem Fredericia og Tr\u00e6lden\u00e6s er et unik men ogs\u00e5 sv\u00e6rt tilg\u00e6ngelig stykke natur. Der er gjort mange rigtig gode fund, men afgjort ikke en nem lokalitet.<br \/>\nDet er s\u00e6rlig hejt\u00e6nder og ryghvivler som er yndet fossiler.<br \/>\nDet kan godt betale sig at se p\u00e5 tidevandet, og komme p\u00e5 lokaliteten ved lavvande, s\u00e5 der er mere strand. Nogle steder g\u00e5r vandet helt op til klinterne ved h\u00f8jvande er det meget vanskelig at komme h\u00e6nd langs stranden.<br \/>\nLeret er 50 millioner \u00e5r gammel. Der er bla. fundet forstenet fiskekranier, sv\u00e6r fra sv\u00e6rfisk, krabber, hajt\u00e6nder og ryghvivler, V\u00e6ttelys, Braciopoder, Snegle, Koraler, s\u00f8pindsvin, S\u00f8liljer, gravegange. Pyrit og silkespat\n\t\t\t\t<img decoding=\"async\" src=\"http:\/\/stenbutikken.dk\/wp-content\/uploads\/2025\/09\/tralde2.jpg\" alt=\"tralde2\" itemprop=\"image\" title=\"tralde2\" onerror=\"this.style.display='none'\" loading=\"lazy\" \/>\n\n","protected":false},"excerpt":{"rendered":"<p>Tralden\u00e6s mellem Fredericia og Tr\u00e6lden\u00e6s er et unik men ogs\u00e5 sv\u00e6rt tilg\u00e6ngelig stykke natur. Der er gjort mange rigtig gode fund, men afgjort ikke en nem lokalitet. Det er s\u00e6rlig hejt\u00e6nder og ryghvivler som er yndet fossiler. Det kan godt betale sig at se p\u00e5 tidevandet, og komme p\u00e5 lokaliteten [&hellip;]<\/p>\n","protected":false},"author":1,"featured_media":0,"parent":0,"menu_order":0,"comment_status":"closed","ping_status":"closed","template":"","meta":{"_themeisle_gutenberg_block_has_review":false,"footnotes":""},"class_list":["post-4510","page","type-page","status-publish","hentry"],"_links":{"self":[{"href":"https:\/\/stenbutikken.dk\/index.php\/wp-json\/wp\/v2\/pages\/4510","targetHints":{"allow":["GET"]}}],"collection":[{"href":"https:\/\/stenbutikken.dk\/index.php\/wp-json\/wp\/v2\/pages"}],"about":[{"href":"https:\/\/stenbutikken.dk\/index.php\/wp-json\/wp\/v2\/types\/page"}],"author":[{"embeddable":true,"href":"https:\/\/stenbutikken.dk\/index.php\/wp-json\/wp\/v2\/users\/1"}],"replies":[{"embeddable":true,"href":"https:\/\/stenbutikken.dk\/index.php\/wp-json\/wp\/v2\/comments?post=4510"}],"version-history":[{"count":3,"href":"https:\/\/stenbutikken.dk\/index.php\/wp-json\/wp\/v2\/pages\/4510\/revisions"}],"predecessor-version":[{"id":5539,"href":"https:\/\/stenbutikken.dk\/index.php\/wp-json\/wp\/v2\/pages\/4510\/revisions\/5539"}],"wp:attachment":[{"href":"https:\/\/stenbutikken.dk\/index.php\/wp-json\/wp\/v2\/media?parent=4510"}],"curies":[{"name":"wp","href":"https:\/\/api.w.org\/{rel}","templated":true}]}}