{"id":4522,"date":"2025-09-09T20:10:27","date_gmt":"2025-09-09T18:10:27","guid":{"rendered":"http:\/\/stenbutikken.dk\/?page_id=4522"},"modified":"2025-09-09T20:10:27","modified_gmt":"2025-09-09T18:10:27","slug":"stevns-klint","status":"publish","type":"page","link":"https:\/\/stenbutikken.dk\/index.php\/stevns-klint\/","title":{"rendered":"Stevns klint"},"content":{"rendered":"\n\n\t\t\t\t<img decoding=\"async\" src=\"http:\/\/stenbutikken.dk\/wp-content\/uploads\/2025\/09\/dcp05716.jpg\" alt=\"dcp05716\" itemprop=\"image\" height=\"864\" width=\"1152\" title=\"dcp05716\" onerror=\"this.style.display='none'\" loading=\"lazy\" \/>\n\t<p>Stevns klint er en klassisk lokalitet som er blevet bes\u00f8gt og unders\u00f8gt i \u00e5rhundrede, og derfor er der ogs\u00e5 gjort mange fund. Stevns klint er ogs\u00e5 ber\u00f8mt for at fiskeleret er blottet som et af de meget f\u00e5 steder i verden. Fiskeleret kaldes ogs\u00e5 for K\/Pg gr\u00e6nsen og markere overgangen mellem Kridt og Pal\u00e6ogen tidsalder.<\/p>\n\n","protected":false},"excerpt":{"rendered":"<p>Stevns klint er en klassisk lokalitet som er blevet bes\u00f8gt og unders\u00f8gt i \u00e5rhundrede, og derfor er der ogs\u00e5 gjort mange fund. Stevns klint er ogs\u00e5 ber\u00f8mt for at fiskeleret er blottet som et af de meget f\u00e5 steder i verden. Fiskeleret kaldes ogs\u00e5 for K\/Pg gr\u00e6nsen og markere overgangen [&hellip;]<\/p>\n","protected":false},"author":1,"featured_media":0,"parent":0,"menu_order":0,"comment_status":"closed","ping_status":"closed","template":"","meta":{"_themeisle_gutenberg_block_has_review":false,"footnotes":""},"class_list":["post-4522","page","type-page","status-publish","hentry"],"_links":{"self":[{"href":"https:\/\/stenbutikken.dk\/index.php\/wp-json\/wp\/v2\/pages\/4522","targetHints":{"allow":["GET"]}}],"collection":[{"href":"https:\/\/stenbutikken.dk\/index.php\/wp-json\/wp\/v2\/pages"}],"about":[{"href":"https:\/\/stenbutikken.dk\/index.php\/wp-json\/wp\/v2\/types\/page"}],"author":[{"embeddable":true,"href":"https:\/\/stenbutikken.dk\/index.php\/wp-json\/wp\/v2\/users\/1"}],"replies":[{"embeddable":true,"href":"https:\/\/stenbutikken.dk\/index.php\/wp-json\/wp\/v2\/comments?post=4522"}],"version-history":[{"count":2,"href":"https:\/\/stenbutikken.dk\/index.php\/wp-json\/wp\/v2\/pages\/4522\/revisions"}],"predecessor-version":[{"id":4526,"href":"https:\/\/stenbutikken.dk\/index.php\/wp-json\/wp\/v2\/pages\/4522\/revisions\/4526"}],"wp:attachment":[{"href":"https:\/\/stenbutikken.dk\/index.php\/wp-json\/wp\/v2\/media?parent=4522"}],"curies":[{"name":"wp","href":"https:\/\/api.w.org\/{rel}","templated":true}]}}