{"id":4527,"date":"2025-09-09T20:14:15","date_gmt":"2025-09-09T18:14:15","guid":{"rendered":"http:\/\/stenbutikken.dk\/?page_id=4527"},"modified":"2025-11-16T23:30:42","modified_gmt":"2025-11-16T22:30:42","slug":"faxe-kalkbrud","status":"publish","type":"page","link":"https:\/\/stenbutikken.dk\/index.php\/faxe-kalkbrud\/","title":{"rendered":"Faxe kalkbrud"},"content":{"rendered":"\n\n\t\t\t\t<img decoding=\"async\" src=\"http:\/\/stenbutikken.dk\/wp-content\/uploads\/2025\/09\/faksekallstor1.jpg\" alt=\"faksekallstor1\" itemprop=\"image\" title=\"faksekallstor1\" onerror=\"this.style.display='none'\" loading=\"lazy\" \/>\n\tFakse kalkbrud, altid et bes\u00f8g v\u00e6rd, det er nemt at finde flotte fossiler, og s\u00e5 er det de fine museum p\u00e5 kanten med en meget flot og godt formidlende udstilling.<br \/>\nDer er adgang til kalkgraven fra Fakse siden, bla. ved Geomuseet.<br \/>\nDer er fundet mange fantastiske fossiler i Fakse gennem de n\u00e6sten 250 \u00e5r der er blevet udvundet kalk p\u00e5 stedet. Kalken er 63 millioner \u00e5r gammel, og kalken har givet navn til den geologiske periode Danien. Da den blev dannet var det et koral rev, beliggende n\u00e6sten 2000 km\u00a0 mere mod syd end i dag, det er tektoniske bev\u00e6gelser har flyttet hele den Eurasiske plade til sin nuv\u00e6rende placering l\u00e6ngere mod nord.<br \/>\nKalken best\u00e5r af to typer kalk Bryozokalk og Koralkalk og som navnet antyder er det hvilke dyr som kalken indeholder, Bryozokalk indeholder mosdyr som er sm\u00e5 fassiddende dyr som sidder samler i kolonier hvor hver enkel individ kun er 0,5-1 mm store, kolonierne kunne best\u00e5 af 1000 vis og som fossiler ses de bladstruktur.<br \/>\nKoralkalk er ogs\u00e5 kolonidyr som lever sammen i store samfund, som groede i store banker p\u00e5 20-30 meter h\u00f8jde, de enkle koraller arme er 1-2 cm i diameter og forgrener sig ind mellem hinanden.\n\t\t\t\t<img decoding=\"async\" src=\"http:\/\/stenbutikken.dk\/wp-content\/uploads\/2025\/09\/faksekoral.jpg\" alt=\"faksekoral\" itemprop=\"image\" title=\"faksekoral\" onerror=\"this.style.display='none'\" loading=\"lazy\" \/>\n\t<p>Lyell\u00b4s gengivelse af Caryophyllia Faxoensis, 1837<\/p>\n\tMulige fossiler at finde er Krebs, hvor det kun er selve krabbeskjoldet som findes, typisk 1-2 cm store,\u00a0 s\u00f8pindsvin, muslinger, brakiopoder, hajt\u00e6nder, s\u00f8liljestilke, Nautil som dog er meget sj\u00e6lende at finde. Der er fundet mere end 500 forsk\u00e6llige arter af havdyr.<br \/>\nEn sj\u00e6lden gang i mellem g\u00f8res der fantastiske fund i kalkbruddet, m\u00e5ske du er den n\u00e6ste til at finde noget ganske s\u00e6rligt.<br \/>\nBogen &#8220;Fossiler fra Faxe Kalkbrud&#8221; Skrevet af Tove Damholt som er leder af \u00d8stsj\u00e6llands Museum og amat\u00f8rgeologen Alice Rasmussen som i en mennskealder var spicialist i fossiler fra Fakse. Bogen kan bla. k\u00f8bes p\u00e5 museet i Fakse.\n\n","protected":false},"excerpt":{"rendered":"<p>Fakse kalkbrud, altid et bes\u00f8g v\u00e6rd, det er nemt at finde flotte fossiler, og s\u00e5 er det de fine museum p\u00e5 kanten med en meget flot og godt formidlende udstilling. Der er adgang til kalkgraven fra Fakse siden, bla. ved Geomuseet. Der er fundet mange fantastiske fossiler i Fakse gennem [&hellip;]<\/p>\n","protected":false},"author":1,"featured_media":0,"parent":0,"menu_order":0,"comment_status":"closed","ping_status":"closed","template":"","meta":{"_themeisle_gutenberg_block_has_review":false,"footnotes":""},"class_list":["post-4527","page","type-page","status-publish","hentry"],"_links":{"self":[{"href":"https:\/\/stenbutikken.dk\/index.php\/wp-json\/wp\/v2\/pages\/4527","targetHints":{"allow":["GET"]}}],"collection":[{"href":"https:\/\/stenbutikken.dk\/index.php\/wp-json\/wp\/v2\/pages"}],"about":[{"href":"https:\/\/stenbutikken.dk\/index.php\/wp-json\/wp\/v2\/types\/page"}],"author":[{"embeddable":true,"href":"https:\/\/stenbutikken.dk\/index.php\/wp-json\/wp\/v2\/users\/1"}],"replies":[{"embeddable":true,"href":"https:\/\/stenbutikken.dk\/index.php\/wp-json\/wp\/v2\/comments?post=4527"}],"version-history":[{"count":8,"href":"https:\/\/stenbutikken.dk\/index.php\/wp-json\/wp\/v2\/pages\/4527\/revisions"}],"predecessor-version":[{"id":5586,"href":"https:\/\/stenbutikken.dk\/index.php\/wp-json\/wp\/v2\/pages\/4527\/revisions\/5586"}],"wp:attachment":[{"href":"https:\/\/stenbutikken.dk\/index.php\/wp-json\/wp\/v2\/media?parent=4527"}],"curies":[{"name":"wp","href":"https:\/\/api.w.org\/{rel}","templated":true}]}}