{"id":4532,"date":"2025-09-09T20:17:16","date_gmt":"2025-09-09T18:17:16","guid":{"rendered":"http:\/\/stenbutikken.dk\/?page_id=4532"},"modified":"2025-09-09T20:17:16","modified_gmt":"2025-09-09T18:17:16","slug":"moens-klint","status":"publish","type":"page","link":"https:\/\/stenbutikken.dk\/index.php\/moens-klint\/","title":{"rendered":"M\u00f8ns klint"},"content":{"rendered":"\n\n\t\t\t\t<img decoding=\"async\" src=\"http:\/\/stenbutikken.dk\/wp-content\/uploads\/2025\/09\/monsklint4.jpg\" alt=\"monsklint4\" itemprop=\"image\" height=\"284\" width=\"400\" title=\"monsklint4\" onerror=\"this.style.display='none'\" loading=\"lazy\" \/>\n\t<p>M\u00f8ns klint er ogs\u00e5 en rigtig klassiker, gode muligheder for at finde et v\u00e6ttelys (belemit) og med held ogs\u00e5 et s\u00f8pindsvin eller braciopode.<\/p>\n\n","protected":false},"excerpt":{"rendered":"<p>M\u00f8ns klint er ogs\u00e5 en rigtig klassiker, gode muligheder for at finde et v\u00e6ttelys (belemit) og med held ogs\u00e5 et s\u00f8pindsvin eller braciopode.<\/p>\n","protected":false},"author":1,"featured_media":0,"parent":0,"menu_order":0,"comment_status":"closed","ping_status":"closed","template":"","meta":{"_themeisle_gutenberg_block_has_review":false,"footnotes":""},"class_list":["post-4532","page","type-page","status-publish","hentry"],"_links":{"self":[{"href":"https:\/\/stenbutikken.dk\/index.php\/wp-json\/wp\/v2\/pages\/4532","targetHints":{"allow":["GET"]}}],"collection":[{"href":"https:\/\/stenbutikken.dk\/index.php\/wp-json\/wp\/v2\/pages"}],"about":[{"href":"https:\/\/stenbutikken.dk\/index.php\/wp-json\/wp\/v2\/types\/page"}],"author":[{"embeddable":true,"href":"https:\/\/stenbutikken.dk\/index.php\/wp-json\/wp\/v2\/users\/1"}],"replies":[{"embeddable":true,"href":"https:\/\/stenbutikken.dk\/index.php\/wp-json\/wp\/v2\/comments?post=4532"}],"version-history":[{"count":2,"href":"https:\/\/stenbutikken.dk\/index.php\/wp-json\/wp\/v2\/pages\/4532\/revisions"}],"predecessor-version":[{"id":4536,"href":"https:\/\/stenbutikken.dk\/index.php\/wp-json\/wp\/v2\/pages\/4532\/revisions\/4536"}],"wp:attachment":[{"href":"https:\/\/stenbutikken.dk\/index.php\/wp-json\/wp\/v2\/media?parent=4532"}],"curies":[{"name":"wp","href":"https:\/\/api.w.org\/{rel}","templated":true}]}}