{"id":4546,"date":"2025-09-10T12:02:08","date_gmt":"2025-09-10T10:02:08","guid":{"rendered":"http:\/\/stenbutikken.dk\/?page_id=4546"},"modified":"2025-09-14T19:35:57","modified_gmt":"2025-09-14T17:35:57","slug":"arnager-bornholm","status":"publish","type":"page","link":"https:\/\/stenbutikken.dk\/index.php\/arnager-bornholm\/","title":{"rendered":"Arnager, Bornholm"},"content":{"rendered":"\n\n\t\t\t\t<img decoding=\"async\" src=\"http:\/\/stenbutikken.dk\/wp-content\/uploads\/2025\/09\/DSC0360-scaled.jpg\" alt=\"_DSC0360\" itemprop=\"image\" height=\"1696\" width=\"2560\" title=\"_DSC0360\" onerror=\"this.style.display='none'\" loading=\"lazy\" \/>\n\tArnager kridt er fra Mesocoikum og er \u00e6ldre end 66 millioner, dvs. f\u00f8r dinosaurer udd\u00f8de. Det formodes at kridt lagen er afsat p\u00e5 relativ lav havdybde for den nedre del af klinten, hvor den over del af klinten af afsat ved ned til 200 meter dybde. Ved Anager har Kridtlagne en tykkelse mellem 12 til 20 meter, men har oprindelig haft en lagtykkelse p\u00e5 50 meter.<br \/>\nKlinten er kendt for at indeholde en del fossiler mest muslingeskaller, braciopoder, s\u00f8pindsvin, svampe og konkylier, samt en lille hajt\u00e6nder af arten <i>Squalicorax<\/i> sp., samt er der er lag med stort indhold store korn af glaukonit som er tydelig gr\u00f8nne.\n\n","protected":false},"excerpt":{"rendered":"<p>Arnager kridt er fra Mesocoikum og er \u00e6ldre end 66 millioner, dvs. f\u00f8r dinosaurer udd\u00f8de. Det formodes at kridt lagen er afsat p\u00e5 relativ lav havdybde for den nedre del af klinten, hvor den over del af klinten af afsat ved ned til 200 meter dybde. Ved Anager har Kridtlagne [&hellip;]<\/p>\n","protected":false},"author":1,"featured_media":0,"parent":0,"menu_order":0,"comment_status":"closed","ping_status":"closed","template":"","meta":{"_themeisle_gutenberg_block_has_review":false,"footnotes":""},"class_list":["post-4546","page","type-page","status-publish","hentry"],"_links":{"self":[{"href":"https:\/\/stenbutikken.dk\/index.php\/wp-json\/wp\/v2\/pages\/4546","targetHints":{"allow":["GET"]}}],"collection":[{"href":"https:\/\/stenbutikken.dk\/index.php\/wp-json\/wp\/v2\/pages"}],"about":[{"href":"https:\/\/stenbutikken.dk\/index.php\/wp-json\/wp\/v2\/types\/page"}],"author":[{"embeddable":true,"href":"https:\/\/stenbutikken.dk\/index.php\/wp-json\/wp\/v2\/users\/1"}],"replies":[{"embeddable":true,"href":"https:\/\/stenbutikken.dk\/index.php\/wp-json\/wp\/v2\/comments?post=4546"}],"version-history":[{"count":3,"href":"https:\/\/stenbutikken.dk\/index.php\/wp-json\/wp\/v2\/pages\/4546\/revisions"}],"predecessor-version":[{"id":4593,"href":"https:\/\/stenbutikken.dk\/index.php\/wp-json\/wp\/v2\/pages\/4546\/revisions\/4593"}],"wp:attachment":[{"href":"https:\/\/stenbutikken.dk\/index.php\/wp-json\/wp\/v2\/media?parent=4546"}],"curies":[{"name":"wp","href":"https:\/\/api.w.org\/{rel}","templated":true}]}}