{"id":5540,"date":"2025-09-18T00:47:38","date_gmt":"2025-09-17T22:47:38","guid":{"rendered":"https:\/\/stenbutikken.dk\/?page_id=5540"},"modified":"2025-09-19T01:05:40","modified_gmt":"2025-09-18T23:05:40","slug":"lokaliteter-i-england","status":"publish","type":"page","link":"https:\/\/stenbutikken.dk\/index.php\/lokaliteter-i-england\/","title":{"rendered":"Lokaliteter i England"},"content":{"rendered":"\n\n\t\t\t\t<img decoding=\"async\" src=\"http:\/\/stenbutikken.dk\/wp-content\/uploads\/2025\/09\/GeologyMapUK.jpg\" alt=\"GeologyMapUK\" itemprop=\"image\" title=\"GeologyMapUK\" onerror=\"this.style.display='none'\" loading=\"lazy\" \/>\n\tEngland har mange fossiler, s\u00e6rlig den sydengelske kyst er en lang perler\u00e6kke af lokaliteter.<br \/>\nStartende fra \u00d8st mod vest.\n<p>1. Folkestone, skr\u00e6nten nedenfor The Warren Play park og h\u00e6nd mod havnen, er der en 40 meter h\u00f8j ler skr\u00e6nt med fortrinsvis ammonitter, hajt\u00e6nder og muslinger.<\/p>\n<p>2. Isle of Sheppy. En nordvent strand fra Eastchurh frem til Laysdown-on-sea. 30-40 meter h\u00f8je ler skr\u00e6nter af London ler, som er 50 millioner \u00e5r. Leret indeholde en stor rigdom af fossiler. Hajt\u00e6nder, ryghvirvler, Krabber, Fiskefossiler, skildpadder, krokodiller, fugle, plante fr\u00f8 m.m.<\/p>\n<p>3. Bartonon sea. Ler skr\u00e6nter med hajt\u00e6nder, muslinger, snegle.<\/p>\n<p>4. Osmington Mills. Ammonitter, muslinger<\/p>\n<p>5. Portland. Ammoniter, forstenet tr\u00e6.<\/p>\n<p>5. Lyme Regis. Ammonitter<\/p>\n\t\n\n","protected":false},"excerpt":{"rendered":"<p>England har mange fossiler, s\u00e6rlig den sydengelske kyst er en lang perler\u00e6kke af lokaliteter. Startende fra \u00d8st mod vest. 1. Folkestone, skr\u00e6nten nedenfor The Warren Play park og h\u00e6nd mod havnen, er der en 40 meter h\u00f8j ler skr\u00e6nt med fortrinsvis ammonitter, hajt\u00e6nder og muslinger. 2. Isle of Sheppy. En [&hellip;]<\/p>\n","protected":false},"author":1,"featured_media":0,"parent":0,"menu_order":0,"comment_status":"closed","ping_status":"closed","template":"","meta":{"_themeisle_gutenberg_block_has_review":false,"footnotes":""},"class_list":["post-5540","page","type-page","status-publish","hentry"],"_links":{"self":[{"href":"https:\/\/stenbutikken.dk\/index.php\/wp-json\/wp\/v2\/pages\/5540","targetHints":{"allow":["GET"]}}],"collection":[{"href":"https:\/\/stenbutikken.dk\/index.php\/wp-json\/wp\/v2\/pages"}],"about":[{"href":"https:\/\/stenbutikken.dk\/index.php\/wp-json\/wp\/v2\/types\/page"}],"author":[{"embeddable":true,"href":"https:\/\/stenbutikken.dk\/index.php\/wp-json\/wp\/v2\/users\/1"}],"replies":[{"embeddable":true,"href":"https:\/\/stenbutikken.dk\/index.php\/wp-json\/wp\/v2\/comments?post=5540"}],"version-history":[{"count":5,"href":"https:\/\/stenbutikken.dk\/index.php\/wp-json\/wp\/v2\/pages\/5540\/revisions"}],"predecessor-version":[{"id":5551,"href":"https:\/\/stenbutikken.dk\/index.php\/wp-json\/wp\/v2\/pages\/5540\/revisions\/5551"}],"wp:attachment":[{"href":"https:\/\/stenbutikken.dk\/index.php\/wp-json\/wp\/v2\/media?parent=5540"}],"curies":[{"name":"wp","href":"https:\/\/api.w.org\/{rel}","templated":true}]}}