{"id":4335,"date":"2025-09-05T11:49:00","date_gmt":"2025-09-05T09:49:00","guid":{"rendered":"http:\/\/stenbutikken.dk\/?post_type=product&#038;p=4335"},"modified":"2026-01-28T09:32:26","modified_gmt":"2026-01-28T08:32:26","slug":"forstenet-trae","status":"publish","type":"product","link":"https:\/\/stenbutikken.dk\/index.php\/product\/forstenet-trae\/","title":{"rendered":"Forstenet tr\u00e6"},"content":{"rendered":"<p>Storstykke forstenet tr\u00e6 fra Madagascar 25x25x5cm alle m\u00e5 er pt. ca, Prisen ink. forsendelse KUN Danmark<\/p>\n","protected":false},"excerpt":{"rendered":"<p>Storstykke forstenet tr\u00e6 fra Madagascar 25x25x5cm alle m\u00e5 er pt. ca, Prisen ink. forsendelse KUN Danmark<\/p>\n","protected":false},"featured_media":4333,"comment_status":"open","ping_status":"closed","template":"","meta":{"_themeisle_gutenberg_block_has_review":false},"product_brand":[],"product_cat":[51],"product_tag":[],"class_list":{"0":"post-4335","1":"product","2":"type-product","3":"status-publish","4":"has-post-thumbnail","6":"product_cat-fossiler","8":"first","9":"instock","10":"sold-individually","11":"shipping-taxable","12":"purchasable","13":"product-type-simple"},"_links":{"self":[{"href":"https:\/\/stenbutikken.dk\/index.php\/wp-json\/wp\/v2\/product\/4335","targetHints":{"allow":["GET"]}}],"collection":[{"href":"https:\/\/stenbutikken.dk\/index.php\/wp-json\/wp\/v2\/product"}],"about":[{"href":"https:\/\/stenbutikken.dk\/index.php\/wp-json\/wp\/v2\/types\/product"}],"replies":[{"embeddable":true,"href":"https:\/\/stenbutikken.dk\/index.php\/wp-json\/wp\/v2\/comments?post=4335"}],"wp:featuredmedia":[{"embeddable":true,"href":"https:\/\/stenbutikken.dk\/index.php\/wp-json\/wp\/v2\/media\/4333"}],"wp:attachment":[{"href":"https:\/\/stenbutikken.dk\/index.php\/wp-json\/wp\/v2\/media?parent=4335"}],"wp:term":[{"taxonomy":"product_brand","embeddable":true,"href":"https:\/\/stenbutikken.dk\/index.php\/wp-json\/wp\/v2\/product_brand?post=4335"},{"taxonomy":"product_cat","embeddable":true,"href":"https:\/\/stenbutikken.dk\/index.php\/wp-json\/wp\/v2\/product_cat?post=4335"},{"taxonomy":"product_tag","embeddable":true,"href":"https:\/\/stenbutikken.dk\/index.php\/wp-json\/wp\/v2\/product_tag?post=4335"}],"curies":[{"name":"wp","href":"https:\/\/api.w.org\/{rel}","templated":true}]}}