{"id":5659,"date":"2026-02-09T15:41:11","date_gmt":"2026-02-09T14:41:11","guid":{"rendered":"https:\/\/stenbutikken.dk\/?post_type=product&#038;p=5659"},"modified":"2026-02-09T15:41:11","modified_gmt":"2026-02-09T14:41:11","slug":"8-stk-fossiler","status":"publish","type":"product","link":"https:\/\/stenbutikken.dk\/index.php\/product\/8-stk-fossiler\/","title":{"rendered":"8 Stk. fossiler"},"content":{"rendered":"<p>8 Stk. fossiler. Globidens tand, 66-70 millioner \u00e5r gammel, fra Marokko. Paleocarchrodon, 45-65 millioner \u00e5r gammel. Mosasauarus, 66-70 millioner \u00e5r gammel. S\u00f8pinsvin, dalbyover i Jylland. Spinosaurus 112-97 millioner \u00e5r gammel.\u00a0 Cyrtospirfer braciopode. Belgien. Gerastos trilotit, 490-443 millioner \u00e5r gammel. Forstenet fisk fra Kina 64-55 millioner gammel. Prisen er ink fosendelse i Danmark.<\/p>\n","protected":false},"excerpt":{"rendered":"<p>Varenummer 0007<\/p>\n","protected":false},"featured_media":5660,"comment_status":"open","ping_status":"closed","template":"","meta":{"_themeisle_gutenberg_block_has_review":false},"product_brand":[],"product_cat":[51],"product_tag":[],"class_list":{"0":"post-5659","1":"product","2":"type-product","3":"status-publish","4":"has-post-thumbnail","6":"product_cat-fossiler","8":"first","9":"instock","10":"sold-individually","11":"shipping-taxable","12":"purchasable","13":"product-type-simple"},"_links":{"self":[{"href":"https:\/\/stenbutikken.dk\/index.php\/wp-json\/wp\/v2\/product\/5659","targetHints":{"allow":["GET"]}}],"collection":[{"href":"https:\/\/stenbutikken.dk\/index.php\/wp-json\/wp\/v2\/product"}],"about":[{"href":"https:\/\/stenbutikken.dk\/index.php\/wp-json\/wp\/v2\/types\/product"}],"replies":[{"embeddable":true,"href":"https:\/\/stenbutikken.dk\/index.php\/wp-json\/wp\/v2\/comments?post=5659"}],"wp:featuredmedia":[{"embeddable":true,"href":"https:\/\/stenbutikken.dk\/index.php\/wp-json\/wp\/v2\/media\/5660"}],"wp:attachment":[{"href":"https:\/\/stenbutikken.dk\/index.php\/wp-json\/wp\/v2\/media?parent=5659"}],"wp:term":[{"taxonomy":"product_brand","embeddable":true,"href":"https:\/\/stenbutikken.dk\/index.php\/wp-json\/wp\/v2\/product_brand?post=5659"},{"taxonomy":"product_cat","embeddable":true,"href":"https:\/\/stenbutikken.dk\/index.php\/wp-json\/wp\/v2\/product_cat?post=5659"},{"taxonomy":"product_tag","embeddable":true,"href":"https:\/\/stenbutikken.dk\/index.php\/wp-json\/wp\/v2\/product_tag?post=5659"}],"curies":[{"name":"wp","href":"https:\/\/api.w.org\/{rel}","templated":true}]}}