{"id":5683,"date":"2026-02-26T12:57:41","date_gmt":"2026-02-26T11:57:41","guid":{"rendered":"https:\/\/stenbutikken.dk\/?post_type=product&#038;p=5683"},"modified":"2026-02-26T13:07:49","modified_gmt":"2026-02-26T12:07:49","slug":"105-gram-stenmetoritter","status":"publish","type":"product","link":"https:\/\/stenbutikken.dk\/index.php\/product\/105-gram-stenmetoritter\/","title":{"rendered":"105 gram Stenmetoritter"},"content":{"rendered":"<p>105 gram Stenmetoritter ogs\u00e5 kaldet Chondrite fra NWA som er Sahara i Nord west afrika, Chondritter er de \u00e6ldste kendte klippematerialer i solsystemet, dannet for cirka<span>\u00a0<\/span><strong class=\"Yjhzub\" jscontroller=\"zYmgkd\" jsuid=\"h8kIic_a\" data-processed=\"true\">4,56 milliarder \u00e5r siden<\/strong><span>. Disse meteoritter stammer fra asteroideb\u00e6ltet og repr\u00e6senterer de oprindelige byggesten, der dannede planeterne. De fungerer som en tidskapsel, da deres kemiske sammens\u00e6tning er n\u00e6sten u\u00e6ndret, siden de blev til i den tidlige solt\u00e5ge.<\/span><\/p>\n<h1 data-buy-box-listing-title=\"true\" class=\"wt-line-height-tight wt-break-word wt-text-body\" tabindex=\"0\"><\/h1>\n","protected":false},"excerpt":{"rendered":"<p>Prisen er ink. forsendelse i Danmark, med track and trace Varenummer 0010<\/p>\n","protected":false},"featured_media":5684,"comment_status":"open","ping_status":"closed","template":"","meta":{"_themeisle_gutenberg_block_has_review":false},"product_brand":[],"product_cat":[52],"product_tag":[],"class_list":{"0":"post-5683","1":"product","2":"type-product","3":"status-publish","4":"has-post-thumbnail","6":"product_cat-mineraler","8":"first","9":"instock","10":"shipping-taxable","11":"purchasable","12":"product-type-simple"},"_links":{"self":[{"href":"https:\/\/stenbutikken.dk\/index.php\/wp-json\/wp\/v2\/product\/5683","targetHints":{"allow":["GET"]}}],"collection":[{"href":"https:\/\/stenbutikken.dk\/index.php\/wp-json\/wp\/v2\/product"}],"about":[{"href":"https:\/\/stenbutikken.dk\/index.php\/wp-json\/wp\/v2\/types\/product"}],"replies":[{"embeddable":true,"href":"https:\/\/stenbutikken.dk\/index.php\/wp-json\/wp\/v2\/comments?post=5683"}],"wp:featuredmedia":[{"embeddable":true,"href":"https:\/\/stenbutikken.dk\/index.php\/wp-json\/wp\/v2\/media\/5684"}],"wp:attachment":[{"href":"https:\/\/stenbutikken.dk\/index.php\/wp-json\/wp\/v2\/media?parent=5683"}],"wp:term":[{"taxonomy":"product_brand","embeddable":true,"href":"https:\/\/stenbutikken.dk\/index.php\/wp-json\/wp\/v2\/product_brand?post=5683"},{"taxonomy":"product_cat","embeddable":true,"href":"https:\/\/stenbutikken.dk\/index.php\/wp-json\/wp\/v2\/product_cat?post=5683"},{"taxonomy":"product_tag","embeddable":true,"href":"https:\/\/stenbutikken.dk\/index.php\/wp-json\/wp\/v2\/product_tag?post=5683"}],"curies":[{"name":"wp","href":"https:\/\/api.w.org\/{rel}","templated":true}]}}